{"id":326,"date":"2024-12-12T11:53:21","date_gmt":"2024-12-12T10:53:21","guid":{"rendered":"https:\/\/grupos.eez.csic.es\/imili\/?page_id=326"},"modified":"2026-03-25T14:09:43","modified_gmt":"2026-03-25T13:09:43","slug":"microchats","status":"publish","type":"page","link":"https:\/\/grupos.eez.csic.es\/imili\/recursos-didacticos\/microchats\/","title":{"rendered":"MicroChats"},"content":{"rendered":"\t\t<div data-elementor-type=\"wp-page\" data-elementor-id=\"326\" class=\"elementor elementor-326\">\n\t\t\t\t<div class=\"elementor-element elementor-element-7770a57 e-flex e-con-boxed e-con e-parent\" data-id=\"7770a57\" data-element_type=\"container\" data-e-type=\"container\" data-settings=\"{&quot;background_background&quot;:&quot;classic&quot;}\">\n\t\t\t\t\t<div class=\"e-con-inner\">\n\t\t\t\t<div class=\"elementor-element elementor-element-477cc6f elementor-widget__width-inherit elementor-widget elementor-widget-heading\" data-id=\"477cc6f\" data-element_type=\"widget\" data-e-type=\"widget\" data-widget_type=\"heading.default\">\n\t\t\t\t<div class=\"elementor-widget-container\">\n\t\t\t\t\t<h1 class=\"elementor-heading-title elementor-size-default\">MicroChats<\/h1>\t\t\t\t<\/div>\n\t\t\t\t<\/div>\n\t\t\t\t\t<\/div>\n\t\t\t\t<\/div>\n\t\t<div class=\"elementor-element elementor-element-fb95084 e-flex e-con-boxed e-con e-parent\" data-id=\"fb95084\" data-element_type=\"container\" data-e-type=\"container\">\n\t\t\t\t\t<div class=\"e-con-inner\">\n\t\t<div class=\"elementor-element elementor-element-9b91500 e-con-full e-flex e-con e-child\" data-id=\"9b91500\" data-element_type=\"container\" data-e-type=\"container\">\n\t\t\t\t<div class=\"elementor-element elementor-element-b0323e4 elementor-widget elementor-widget-spacer\" data-id=\"b0323e4\" data-element_type=\"widget\" data-e-type=\"widget\" data-widget_type=\"spacer.default\">\n\t\t\t\t<div class=\"elementor-widget-container\">\n\t\t\t\t\t\t\t<div class=\"elementor-spacer\">\n\t\t\t<div class=\"elementor-spacer-inner\"><\/div>\n\t\t<\/div>\n\t\t\t\t\t\t<\/div>\n\t\t\t\t<\/div>\n\t\t\t\t<\/div>\n\t\t\t\t\t<\/div>\n\t\t\t\t<\/div>\n\t\t<div class=\"elementor-element elementor-element-d08e43b e-grid e-con-boxed e-con e-parent\" data-id=\"d08e43b\" data-element_type=\"container\" data-e-type=\"container\">\n\t\t\t\t\t<div class=\"e-con-inner\">\n\t\t<div class=\"elementor-element elementor-element-34c573a e-con-full e-flex e-con e-child\" data-id=\"34c573a\" data-element_type=\"container\" data-e-type=\"container\">\n\t\t\t\t<div class=\"elementor-element elementor-element-5b40b33 elementor-widget elementor-widget-heading\" data-id=\"5b40b33\" data-element_type=\"widget\" data-e-type=\"widget\" data-widget_type=\"heading.default\">\n\t\t\t\t<div class=\"elementor-widget-container\">\n\t\t\t\t\t<h3 class=\"elementor-heading-title elementor-size-default\">Responsable: Ken Timmis<\/h3>\t\t\t\t<\/div>\n\t\t\t\t<\/div>\n\t\t\t\t<div class=\"elementor-element elementor-element-d1cb513 elementor-widget elementor-widget-text-editor\" data-id=\"d1cb513\" data-element_type=\"widget\" data-e-type=\"widget\" data-widget_type=\"text-editor.default\">\n\t\t\t\t<div class=\"elementor-widget-container\">\n\t\t\t\t\t\t\t\t\t<p>Photo by Andrea Piacquadio <a href=\"https:\/\/www.pexels.com\/photo\/man-in-blue-long-sleeves-beside-woman-holding-a-book-3776978\/\" target=\"_blank\" rel=\"noopener\">https:\/\/www.pexels.com\/photo\/man-in-blue-long-sleeves-beside-woman-holding-a-book-3776978\/<\/a><\/p>\t\t\t\t\t\t\t\t<\/div>\n\t\t\t\t<\/div>\n\t\t\t\t<div class=\"elementor-element elementor-element-fa34832 elementor-widget elementor-widget-image\" data-id=\"fa34832\" data-element_type=\"widget\" data-e-type=\"widget\" data-widget_type=\"image.default\">\n\t\t\t\t<div class=\"elementor-widget-container\">\n\t\t\t\t\t\t\t\t\t\t\t\t\t\t\t<img fetchpriority=\"high\" decoding=\"async\" width=\"1024\" height=\"683\" src=\"https:\/\/grupos.eez.csic.es\/imili\/wp-content\/uploads\/2024\/12\/microchats-imili-1024x683.jpg\" class=\"attachment-large size-large wp-image-334\" alt=\"\" srcset=\"https:\/\/grupos.eez.csic.es\/imili\/wp-content\/uploads\/2024\/12\/microchats-imili-1024x683.jpg 1024w, https:\/\/grupos.eez.csic.es\/imili\/wp-content\/uploads\/2024\/12\/microchats-imili-300x200.jpg 300w, https:\/\/grupos.eez.csic.es\/imili\/wp-content\/uploads\/2024\/12\/microchats-imili-768x512.jpg 768w, https:\/\/grupos.eez.csic.es\/imili\/wp-content\/uploads\/2024\/12\/microchats-imili.jpg 1377w\" sizes=\"(max-width: 1024px) 100vw, 1024px\" \/>\t\t\t\t\t\t\t\t\t\t\t\t\t\t\t<\/div>\n\t\t\t\t<\/div>\n\t\t\t\t<div class=\"elementor-element elementor-element-868aa60 elementor-widget elementor-widget-text-editor\" data-id=\"868aa60\" data-element_type=\"widget\" data-e-type=\"widget\" data-widget_type=\"text-editor.default\">\n\t\t\t\t<div class=\"elementor-widget-container\">\n\t\t\t\t\t\t\t\t\t<p>Una forma poderosa de transmitir conocimientos es contar historias. La Galer\u00eda MicroChat informa sobre temas de importancia general en microbiolog\u00eda a trav\u00e9s de historias contadas en di\u00e1logos (o, con menos frecuencia, a trav\u00e9s de mon\u00f3logos), en los que la relevancia de los temas tratados se ilustra con ejemplos cotidianos.\u00a0<\/p>\t\t\t\t\t\t\t\t<\/div>\n\t\t\t\t<\/div>\n\t\t\t\t<\/div>\n\t\t<div class=\"elementor-element elementor-element-dbac326 e-con-full e-flex e-con e-child\" data-id=\"dbac326\" data-element_type=\"container\" data-e-type=\"container\">\n\t\t\t\t<div class=\"elementor-element elementor-element-d40a4a8 elementor-widget elementor-widget-n-accordion\" data-id=\"d40a4a8\" data-element_type=\"widget\" data-e-type=\"widget\" data-settings=\"{&quot;default_state&quot;:&quot;expanded&quot;,&quot;max_items_expended&quot;:&quot;one&quot;,&quot;n_accordion_animation_duration&quot;:{&quot;unit&quot;:&quot;ms&quot;,&quot;size&quot;:400,&quot;sizes&quot;:[]}}\" data-widget_type=\"nested-accordion.default\">\n\t\t\t\t<div class=\"elementor-widget-container\">\n\t\t\t\t\t\t\t<div class=\"e-n-accordion\" aria-label=\"Accordion. Open links with Enter or Space, close with Escape, and navigate with Arrow Keys\">\n\t\t\t\t\t\t<details id=\"e-n-accordion-item-2220\" class=\"e-n-accordion-item\" open>\n\t\t\t\t<summary class=\"e-n-accordion-item-title\" data-accordion-index=\"1\" tabindex=\"0\" aria-expanded=\"true\" aria-controls=\"e-n-accordion-item-2220\" >\n\t\t\t\t\t<span class='e-n-accordion-item-title-header'><div class=\"e-n-accordion-item-title-text\"> Lista de MicroChats <\/div><\/span>\n\t\t\t\t\t\t\t<span class='e-n-accordion-item-title-icon'>\n\t\t\t<span class='e-opened' ><svg aria-hidden=\"true\" class=\"e-font-icon-svg e-fas-minus\" viewBox=\"0 0 448 512\" xmlns=\"http:\/\/www.w3.org\/2000\/svg\"><path d=\"M416 208H32c-17.67 0-32 14.33-32 32v32c0 17.67 14.33 32 32 32h384c17.67 0 32-14.33 32-32v-32c0-17.67-14.33-32-32-32z\"><\/path><\/svg><\/span>\n\t\t\t<span class='e-closed'><svg aria-hidden=\"true\" class=\"e-font-icon-svg e-fas-plus\" viewBox=\"0 0 448 512\" xmlns=\"http:\/\/www.w3.org\/2000\/svg\"><path d=\"M416 208H272V64c0-17.67-14.33-32-32-32h-32c-17.67 0-32 14.33-32 32v144H32c-17.67 0-32 14.33-32 32v32c0 17.67 14.33 32 32 32h144v144c0 17.67 14.33 32 32 32h32c17.67 0 32-14.33 32-32V304h144c17.67 0 32-14.33 32-32v-32c0-17.67-14.33-32-32-32z\"><\/path><\/svg><\/span>\n\t\t<\/span>\n\n\t\t\t\t\t\t<\/summary>\n\t\t\t\t<div role=\"region\" aria-labelledby=\"e-n-accordion-item-2220\" class=\"elementor-element elementor-element-98b9946 e-con-full e-flex e-con e-child\" data-id=\"98b9946\" data-element_type=\"container\" data-e-type=\"container\">\n\t\t\t\t<div class=\"elementor-element elementor-element-25ad6b5 elementor-widget elementor-widget-text-editor\" data-id=\"25ad6b5\" data-element_type=\"widget\" data-e-type=\"widget\" data-widget_type=\"text-editor.default\">\n\t\t\t\t<div class=\"elementor-widget-container\">\n\t\t\t\t\t\t\t\t\t<ul><li><a href=\"\/imili\/wp-content\/uploads\/2026\/03\/Microchat_ciclodelCarbono.pdf\" target=\"_blank\" rel=\"noopener\">El ciclo del carbono, el tiempo geol\u00f3gico y por qu\u00e9 el clima est\u00e1 cambiando<\/a><\/li><li><a href=\"\/imili\/wp-content\/uploads\/2025\/06\/microchats-madres-guardianas-del-microbioma.pdf\" target=\"_blank\" rel=\"noopener\">Madres: guardianas y dadoras de los microbiomas familiares<\/a><\/li><li><a href=\"\/imili\/wp-content\/uploads\/2025\/06\/microchats-soy-sali-.pdf\" target=\"_blank\" rel=\"noopener\">Soy Sali: \u00bfme comer\u00e1s hoy?<\/a><\/li><\/ul>\t\t\t\t\t\t\t\t<\/div>\n\t\t\t\t<\/div>\n\t\t\t\t<\/div>\n\t\t\t\t\t<\/details>\n\t\t\t\t\t<\/div>\n\t\t\t\t\t\t<\/div>\n\t\t\t\t<\/div>\n\t\t\t\t<\/div>\n\t\t\t\t\t<\/div>\n\t\t\t\t<\/div>\n\t\t\t\t<\/div>\n\t\t","protected":false},"excerpt":{"rendered":"<p>MicroChats Responsable: Ken Timmis Photo by Andrea Piacquadio https:\/\/www.pexels.com\/photo\/man-in-blue-long-sleeves-beside-woman-holding-a-book-3776978\/ Una forma poderosa de transmitir conocimientos es contar historias. La Galer\u00eda [&hellip;]<\/p>\n","protected":false},"author":1,"featured_media":0,"parent":408,"menu_order":0,"comment_status":"closed","ping_status":"closed","template":"","meta":{"site-sidebar-layout":"no-sidebar","site-content-layout":"","ast-site-content-layout":"full-width-container","site-content-style":"default","site-sidebar-style":"default","ast-global-header-display":"","ast-banner-title-visibility":"","ast-main-header-display":"","ast-hfb-above-header-display":"","ast-hfb-below-header-display":"","ast-hfb-mobile-header-display":"","site-post-title":"disabled","ast-breadcrumbs-content":"","ast-featured-img":"disabled","footer-sml-layout":"","ast-disable-related-posts":"","theme-transparent-header-meta":"","adv-header-id-meta":"","stick-header-meta":"","header-above-stick-meta":"","header-main-stick-meta":"","header-below-stick-meta":"","astra-migrate-meta-layouts":"default","ast-page-background-enabled":"default","ast-page-background-meta":{"desktop":{"background-color":"var(--ast-global-color-4)","background-image":"","background-repeat":"repeat","background-position":"center center","background-size":"auto","background-attachment":"scroll","background-type":"","background-media":"","overlay-type":"","overlay-color":"","overlay-opacity":"","overlay-gradient":""},"tablet":{"background-color":"","background-image":"","background-repeat":"repeat","background-position":"center center","background-size":"auto","background-attachment":"scroll","background-type":"","background-media":"","overlay-type":"","overlay-color":"","overlay-opacity":"","overlay-gradient":""},"mobile":{"background-color":"","background-image":"","background-repeat":"repeat","background-position":"center center","background-size":"auto","background-attachment":"scroll","background-type":"","background-media":"","overlay-type":"","overlay-color":"","overlay-opacity":"","overlay-gradient":""}},"ast-content-background-meta":{"desktop":{"background-color":"var(--ast-global-color-5)","background-image":"","background-repeat":"repeat","background-position":"center center","background-size":"auto","background-attachment":"scroll","background-type":"","background-media":"","overlay-type":"","overlay-color":"","overlay-opacity":"","overlay-gradient":""},"tablet":{"background-color":"var(--ast-global-color-5)","background-image":"","background-repeat":"repeat","background-position":"center center","background-size":"auto","background-attachment":"scroll","background-type":"","background-media":"","overlay-type":"","overlay-color":"","overlay-opacity":"","overlay-gradient":""},"mobile":{"background-color":"var(--ast-global-color-5)","background-image":"","background-repeat":"repeat","background-position":"center center","background-size":"auto","background-attachment":"scroll","background-type":"","background-media":"","overlay-type":"","overlay-color":"","overlay-opacity":"","overlay-gradient":""}},"footnotes":""},"class_list":["post-326","page","type-page","status-publish","hentry"],"_links":{"self":[{"href":"https:\/\/grupos.eez.csic.es\/imili\/wp-json\/wp\/v2\/pages\/326","targetHints":{"allow":["GET"]}}],"collection":[{"href":"https:\/\/grupos.eez.csic.es\/imili\/wp-json\/wp\/v2\/pages"}],"about":[{"href":"https:\/\/grupos.eez.csic.es\/imili\/wp-json\/wp\/v2\/types\/page"}],"author":[{"embeddable":true,"href":"https:\/\/grupos.eez.csic.es\/imili\/wp-json\/wp\/v2\/users\/1"}],"replies":[{"embeddable":true,"href":"https:\/\/grupos.eez.csic.es\/imili\/wp-json\/wp\/v2\/comments?post=326"}],"version-history":[{"count":28,"href":"https:\/\/grupos.eez.csic.es\/imili\/wp-json\/wp\/v2\/pages\/326\/revisions"}],"predecessor-version":[{"id":1500,"href":"https:\/\/grupos.eez.csic.es\/imili\/wp-json\/wp\/v2\/pages\/326\/revisions\/1500"}],"up":[{"embeddable":true,"href":"https:\/\/grupos.eez.csic.es\/imili\/wp-json\/wp\/v2\/pages\/408"}],"wp:attachment":[{"href":"https:\/\/grupos.eez.csic.es\/imili\/wp-json\/wp\/v2\/media?parent=326"}],"curies":[{"name":"wp","href":"https:\/\/api.w.org\/{rel}","templated":true}]}}