{"id":36,"date":"2024-10-03T12:46:09","date_gmt":"2024-10-03T10:46:09","guid":{"rendered":"https:\/\/grupos.eez.csic.es\/imili\/?page_id=36"},"modified":"2025-07-31T11:44:00","modified_gmt":"2025-07-31T09:44:00","slug":"home","status":"publish","type":"page","link":"https:\/\/grupos.eez.csic.es\/imili\/","title":{"rendered":"International Microbiology Literacy Initiative"},"content":{"rendered":"\t\t<div data-elementor-type=\"wp-page\" data-elementor-id=\"36\" class=\"elementor elementor-36\">\n\t\t\t\t<div class=\"elementor-element elementor-element-1e39397 e-con-full e-flex e-con e-parent\" data-id=\"1e39397\" data-element_type=\"container\" data-e-type=\"container\" data-settings=\"{&quot;background_background&quot;:&quot;classic&quot;}\">\n\t\t\t\t<div class=\"elementor-element elementor-element-030c34e elementor-widget elementor-widget-image\" data-id=\"030c34e\" data-element_type=\"widget\" data-e-type=\"widget\" data-widget_type=\"image.default\">\n\t\t\t\t<div class=\"elementor-widget-container\">\n\t\t\t\t\t\t\t\t\t\t\t\t\t\t\t<img fetchpriority=\"high\" decoding=\"async\" width=\"300\" height=\"289\" src=\"https:\/\/grupos.eez.csic.es\/imili\/wp-content\/uploads\/2024\/10\/imili-logo-portada-300x289.png\" class=\"attachment-medium size-medium wp-image-163\" alt=\"\" srcset=\"https:\/\/grupos.eez.csic.es\/imili\/wp-content\/uploads\/2024\/10\/imili-logo-portada-300x289.png 300w, https:\/\/grupos.eez.csic.es\/imili\/wp-content\/uploads\/2024\/10\/imili-logo-portada.png 480w\" sizes=\"(max-width: 300px) 100vw, 300px\" \/>\t\t\t\t\t\t\t\t\t\t\t\t\t\t\t<\/div>\n\t\t\t\t<\/div>\n\t\t\t\t<div class=\"elementor-element elementor-element-b10eea3 elementor-widget elementor-widget-heading\" data-id=\"b10eea3\" data-element_type=\"widget\" data-e-type=\"widget\" data-widget_type=\"heading.default\">\n\t\t\t\t<div class=\"elementor-widget-container\">\n\t\t\t\t\t<h1 class=\"elementor-heading-title elementor-size-default\">International Microbiology Literacy Initiative<\/h1>\t\t\t\t<\/div>\n\t\t\t\t<\/div>\n\t\t\t\t<div class=\"elementor-element elementor-element-756e010 elementor-widget elementor-widget-heading\" data-id=\"756e010\" data-element_type=\"widget\" data-e-type=\"widget\" data-widget_type=\"heading.default\">\n\t\t\t\t<div class=\"elementor-widget-container\">\n\t\t\t\t\t<h3 class=\"elementor-heading-title elementor-size-default\">\u00a1Bienvenidos al incre\u00edble y fascinante mundo de los microbios!<\/h3>\t\t\t\t<\/div>\n\t\t\t\t<\/div>\n\t\t\t\t<div class=\"elementor-element elementor-element-5da457c elementor-widget elementor-widget-heading\" data-id=\"5da457c\" data-element_type=\"widget\" data-e-type=\"widget\" data-widget_type=\"heading.default\">\n\t\t\t\t<div class=\"elementor-widget-container\">\n\t\t\t\t\t<h3 class=\"elementor-heading-title elementor-size-default\">IMiLI-GIH<\/h3>\t\t\t\t<\/div>\n\t\t\t\t<\/div>\n\t\t\t\t<div class=\"elementor-element elementor-element-ecb9625 elementor-widget elementor-widget-heading\" data-id=\"ecb9625\" data-element_type=\"widget\" data-e-type=\"widget\" data-widget_type=\"heading.default\">\n\t\t\t\t<div class=\"elementor-widget-container\">\n\t\t\t\t\t<h3 class=\"elementor-heading-title elementor-size-default\">Granada International Hub<\/h3>\t\t\t\t<\/div>\n\t\t\t\t<\/div>\n\t\t\t\t<\/div>\n\t\t<div class=\"elementor-element elementor-element-7b7325c e-flex e-con-boxed e-con e-parent\" data-id=\"7b7325c\" data-element_type=\"container\" data-e-type=\"container\">\n\t\t\t\t\t<div class=\"e-con-inner\">\n\t\t\t\t<div class=\"elementor-element elementor-element-8abd2f4 elementor-widget elementor-widget-spacer\" data-id=\"8abd2f4\" data-element_type=\"widget\" data-e-type=\"widget\" data-widget_type=\"spacer.default\">\n\t\t\t\t<div class=\"elementor-widget-container\">\n\t\t\t\t\t\t\t<div class=\"elementor-spacer\">\n\t\t\t<div class=\"elementor-spacer-inner\"><\/div>\n\t\t<\/div>\n\t\t\t\t\t\t<\/div>\n\t\t\t\t<\/div>\n\t\t\t\t\t<\/div>\n\t\t\t\t<\/div>\n\t\t<div class=\"elementor-element elementor-element-1243115 e-flex e-con-boxed e-con e-parent\" data-id=\"1243115\" data-element_type=\"container\" data-e-type=\"container\">\n\t\t\t\t\t<div class=\"e-con-inner\">\n\t\t<div class=\"elementor-element elementor-element-ef11e1d e-con-full e-flex e-con e-child\" data-id=\"ef11e1d\" data-element_type=\"container\" data-e-type=\"container\">\n\t\t\t\t<div class=\"elementor-element elementor-element-0d448cc elementor-widget elementor-widget-image\" data-id=\"0d448cc\" data-element_type=\"widget\" data-e-type=\"widget\" data-widget_type=\"image.default\">\n\t\t\t\t<div class=\"elementor-widget-container\">\n\t\t\t\t\t\t\t\t\t\t\t\t\t\t\t<img decoding=\"async\" width=\"389\" height=\"389\" src=\"https:\/\/grupos.eez.csic.es\/imili\/wp-content\/uploads\/2024\/10\/imili-the-microbiologist-kitchen.png\" class=\"attachment-large size-large wp-image-59\" alt=\"\" srcset=\"https:\/\/grupos.eez.csic.es\/imili\/wp-content\/uploads\/2024\/10\/imili-the-microbiologist-kitchen.png 389w, https:\/\/grupos.eez.csic.es\/imili\/wp-content\/uploads\/2024\/10\/imili-the-microbiologist-kitchen-300x300.png 300w, https:\/\/grupos.eez.csic.es\/imili\/wp-content\/uploads\/2024\/10\/imili-the-microbiologist-kitchen-150x150.png 150w\" sizes=\"(max-width: 389px) 100vw, 389px\" \/>\t\t\t\t\t\t\t\t\t\t\t\t\t\t\t<\/div>\n\t\t\t\t<\/div>\n\t\t\t\t<div class=\"elementor-element elementor-element-6f4971e elementor-widget elementor-widget-spacer\" data-id=\"6f4971e\" data-element_type=\"widget\" data-e-type=\"widget\" data-widget_type=\"spacer.default\">\n\t\t\t\t<div class=\"elementor-widget-container\">\n\t\t\t\t\t\t\t<div class=\"elementor-spacer\">\n\t\t\t<div class=\"elementor-spacer-inner\"><\/div>\n\t\t<\/div>\n\t\t\t\t\t\t<\/div>\n\t\t\t\t<\/div>\n\t\t\t\t<\/div>\n\t\t<div class=\"elementor-element elementor-element-79f76d9 e-con-full e-flex e-con e-child\" data-id=\"79f76d9\" data-element_type=\"container\" data-e-type=\"container\">\n\t\t\t\t<div class=\"elementor-element elementor-element-522b268 elementor-widget elementor-widget-text-editor\" data-id=\"522b268\" data-element_type=\"widget\" data-e-type=\"widget\" data-widget_type=\"text-editor.default\">\n\t\t\t\t<div class=\"elementor-widget-container\">\n\t\t\t\t\t\t\t\t\t<p style=\"text-align: justify;\">Aqu\u00ed se puede explorar la selecci\u00f3n completa y totalmente gratuita de los recursos did\u00e1cticos proporcionados por la Iniciativa Internacional para la Alfabetizaci\u00f3n en Microbiolog\u00eda (IMiLI) que inspirar\u00e1n, entusiasmar\u00e1n e informar\u00e1n a ni\u00f1os y adultos por igual sobre los microbios y sus actividades<\/p>\t\t\t\t\t\t\t\t<\/div>\n\t\t\t\t<\/div>\n\t\t\t\t<\/div>\n\t\t\t\t\t<\/div>\n\t\t\t\t<\/div>\n\t\t<div class=\"elementor-element elementor-element-e99b89d e-flex e-con-boxed e-con e-parent\" data-id=\"e99b89d\" data-element_type=\"container\" data-e-type=\"container\">\n\t\t\t\t\t<div class=\"e-con-inner\">\n\t\t\t\t<div class=\"elementor-element elementor-element-6cb825e elementor-widget elementor-widget-heading\" data-id=\"6cb825e\" data-element_type=\"widget\" data-e-type=\"widget\" data-widget_type=\"heading.default\">\n\t\t\t\t<div class=\"elementor-widget-container\">\n\t\t\t\t\t<h2 class=\"elementor-heading-title elementor-size-default\">Acerca de IMiLI<\/h2>\t\t\t\t<\/div>\n\t\t\t\t<\/div>\n\t\t\t\t\t<\/div>\n\t\t\t\t<\/div>\n\t\t<div class=\"elementor-element elementor-element-673c392 e-flex e-con-boxed e-con e-parent\" data-id=\"673c392\" data-element_type=\"container\" data-e-type=\"container\">\n\t\t\t\t\t<div class=\"e-con-inner\">\n\t\t\t\t<div class=\"elementor-element elementor-element-d18172e elementor-widget elementor-widget-text-editor\" data-id=\"d18172e\" data-element_type=\"widget\" data-e-type=\"widget\" data-widget_type=\"text-editor.default\">\n\t\t\t\t<div class=\"elementor-widget-container\">\n\t\t\t\t\t\t\t\t\t<p>Los microbios afectan a nuestras vidas de muchas maneras y desempe\u00f1an un papel clave en una amplia gama de crisis actuales a las que se enfrenta la humanidad, as\u00ed como en cuestiones de sostenibilidad y en los esfuerzos por alcanzar los Objetivos de Desarrollo Sostenible marcados por Naciones Unidas. Con el fin de estar preparados para tomar decisiones cruciales basadas en pruebas, nosotros y todos los dem\u00e1s responsables de la toma de decisiones tenemos que entender las repercusiones microbiol\u00f3gicas en las cuestiones en juego: hay una necesidad urgente de alfabetizaci\u00f3n en microbiolog\u00eda en nuestra sociedad.<\/p>\t\t\t\t\t\t\t\t<\/div>\n\t\t\t\t<\/div>\n\t\t\t\t\t<\/div>\n\t\t\t\t<\/div>\n\t\t<div class=\"elementor-element elementor-element-6b4a5d6 e-flex e-con-boxed e-con e-parent\" data-id=\"6b4a5d6\" data-element_type=\"container\" data-e-type=\"container\">\n\t\t\t\t\t<div class=\"e-con-inner\">\n\t\t\t\t<div class=\"elementor-element elementor-element-fe91419 elementor-widget elementor-widget-image\" data-id=\"fe91419\" data-element_type=\"widget\" data-e-type=\"widget\" data-widget_type=\"image.default\">\n\t\t\t\t<div class=\"elementor-widget-container\">\n\t\t\t\t\t\t\t\t\t\t\t\t\t\t\t<img decoding=\"async\" width=\"800\" height=\"345\" src=\"https:\/\/grupos.eez.csic.es\/imili\/wp-content\/uploads\/2024\/11\/los-microbios-y-nosotros-imili.jpg\" class=\"attachment-large size-large wp-image-227\" alt=\"\" srcset=\"https:\/\/grupos.eez.csic.es\/imili\/wp-content\/uploads\/2024\/11\/los-microbios-y-nosotros-imili.jpg 800w, https:\/\/grupos.eez.csic.es\/imili\/wp-content\/uploads\/2024\/11\/los-microbios-y-nosotros-imili-300x129.jpg 300w, https:\/\/grupos.eez.csic.es\/imili\/wp-content\/uploads\/2024\/11\/los-microbios-y-nosotros-imili-768x331.jpg 768w\" sizes=\"(max-width: 800px) 100vw, 800px\" \/>\t\t\t\t\t\t\t\t\t\t\t\t\t\t\t<\/div>\n\t\t\t\t<\/div>\n\t\t\t\t\t<\/div>\n\t\t\t\t<\/div>\n\t\t<div class=\"elementor-element elementor-element-39ea194 e-flex e-con-boxed e-con e-parent\" data-id=\"39ea194\" data-element_type=\"container\" data-e-type=\"container\">\n\t\t\t\t\t<div class=\"e-con-inner\">\n\t\t\t\t<div class=\"elementor-element elementor-element-b19b003 elementor-widget elementor-widget-spacer\" data-id=\"b19b003\" data-element_type=\"widget\" data-e-type=\"widget\" data-widget_type=\"spacer.default\">\n\t\t\t\t<div class=\"elementor-widget-container\">\n\t\t\t\t\t\t\t<div class=\"elementor-spacer\">\n\t\t\t<div class=\"elementor-spacer-inner\"><\/div>\n\t\t<\/div>\n\t\t\t\t\t\t<\/div>\n\t\t\t\t<\/div>\n\t\t\t\t\t<\/div>\n\t\t\t\t<\/div>\n\t\t\t\t<\/div>\n\t\t","protected":false},"excerpt":{"rendered":"<p>International Microbiology Literacy Initiative \u00a1Bienvenidos al incre\u00edble y fascinante mundo de los microbios! IMiLI-GIH Granada International Hub Aqu\u00ed se puede [&hellip;]<\/p>\n","protected":false},"author":1,"featured_media":0,"parent":0,"menu_order":0,"comment_status":"closed","ping_status":"closed","template":"","meta":{"site-sidebar-layout":"no-sidebar","site-content-layout":"","ast-site-content-layout":"full-width-container","site-content-style":"default","site-sidebar-style":"default","ast-global-header-display":"","ast-banner-title-visibility":"","ast-main-header-display":"","ast-hfb-above-header-display":"","ast-hfb-below-header-display":"","ast-hfb-mobile-header-display":"","site-post-title":"disabled","ast-breadcrumbs-content":"","ast-featured-img":"disabled","footer-sml-layout":"","ast-disable-related-posts":"","theme-transparent-header-meta":"","adv-header-id-meta":"","stick-header-meta":"","header-above-stick-meta":"","header-main-stick-meta":"","header-below-stick-meta":"","astra-migrate-meta-layouts":"default","ast-page-background-enabled":"default","ast-page-background-meta":{"desktop":{"background-color":"var(--ast-global-color-4)","background-image":"","background-repeat":"repeat","background-position":"center center","background-size":"auto","background-attachment":"scroll","background-type":"","background-media":"","overlay-type":"","overlay-color":"","overlay-opacity":"","overlay-gradient":""},"tablet":{"background-color":"","background-image":"","background-repeat":"repeat","background-position":"center center","background-size":"auto","background-attachment":"scroll","background-type":"","background-media":"","overlay-type":"","overlay-color":"","overlay-opacity":"","overlay-gradient":""},"mobile":{"background-color":"","background-image":"","background-repeat":"repeat","background-position":"center center","background-size":"auto","background-attachment":"scroll","background-type":"","background-media":"","overlay-type":"","overlay-color":"","overlay-opacity":"","overlay-gradient":""}},"ast-content-background-meta":{"desktop":{"background-color":"var(--ast-global-color-5)","background-image":"","background-repeat":"repeat","background-position":"center center","background-size":"auto","background-attachment":"scroll","background-type":"","background-media":"","overlay-type":"","overlay-color":"","overlay-opacity":"","overlay-gradient":""},"tablet":{"background-color":"var(--ast-global-color-5)","background-image":"","background-repeat":"repeat","background-position":"center center","background-size":"auto","background-attachment":"scroll","background-type":"","background-media":"","overlay-type":"","overlay-color":"","overlay-opacity":"","overlay-gradient":""},"mobile":{"background-color":"var(--ast-global-color-5)","background-image":"","background-repeat":"repeat","background-position":"center center","background-size":"auto","background-attachment":"scroll","background-type":"","background-media":"","overlay-type":"","overlay-color":"","overlay-opacity":"","overlay-gradient":""}},"footnotes":""},"class_list":["post-36","page","type-page","status-publish","hentry"],"_links":{"self":[{"href":"https:\/\/grupos.eez.csic.es\/imili\/wp-json\/wp\/v2\/pages\/36","targetHints":{"allow":["GET"]}}],"collection":[{"href":"https:\/\/grupos.eez.csic.es\/imili\/wp-json\/wp\/v2\/pages"}],"about":[{"href":"https:\/\/grupos.eez.csic.es\/imili\/wp-json\/wp\/v2\/types\/page"}],"author":[{"embeddable":true,"href":"https:\/\/grupos.eez.csic.es\/imili\/wp-json\/wp\/v2\/users\/1"}],"replies":[{"embeddable":true,"href":"https:\/\/grupos.eez.csic.es\/imili\/wp-json\/wp\/v2\/comments?post=36"}],"version-history":[{"count":80,"href":"https:\/\/grupos.eez.csic.es\/imili\/wp-json\/wp\/v2\/pages\/36\/revisions"}],"predecessor-version":[{"id":1130,"href":"https:\/\/grupos.eez.csic.es\/imili\/wp-json\/wp\/v2\/pages\/36\/revisions\/1130"}],"wp:attachment":[{"href":"https:\/\/grupos.eez.csic.es\/imili\/wp-json\/wp\/v2\/media?parent=36"}],"curies":[{"name":"wp","href":"https:\/\/api.w.org\/{rel}","templated":true}]}}