{"id":22,"date":"2021-05-23T20:49:26","date_gmt":"2021-05-23T18:49:26","guid":{"rendered":"https:\/\/grupos.eez.csic.es\/mae\/?page_id=22"},"modified":"2022-12-16T12:43:52","modified_gmt":"2022-12-16T11:43:52","slug":"home","status":"publish","type":"page","link":"https:\/\/grupos.eez.csic.es\/mae\/","title":{"rendered":"Home"},"content":{"rendered":"\n<div class=\"wp-block-cover alignfull is-light has-parallax\" style=\"background-image:url(https:\/\/grupos.eez.csic.es\/mae\/wp-content\/uploads\/2022\/09\/olivares-de-sierra-nevada-mae.jpg);min-height:959px;aspect-ratio:unset;\"><span aria-hidden=\"true\" class=\"has-black-background-color has-background-dim-0 wp-block-cover__gradient-background has-background-dim\"><\/span><div class=\"wp-block-cover__inner-container is-layout-flow wp-block-cover-is-layout-flow\">\n<h5 class=\"has-text-align-center has-white-color has-text-color wp-block-heading\" id=\"welcome-to\"><strong>Welcome To<\/strong><\/h5>\n\n\n\n<h1 class=\"has-text-align-center has-white-color has-text-color wp-block-heading\" id=\"microbiology-of\" style=\"font-size:60px\"><strong>Microbiology of <\/strong><\/h1>\n\n\n\n<h1 class=\"has-text-align-center has-white-color has-text-color wp-block-heading\" id=\"agroforestry-ecosystems\" style=\"font-size:60px\"><strong>Agroforestry Ecosystems<\/strong><\/h1>\n\n\n\n<div class=\"wp-block-buttons is-horizontal is-content-justification-center is-layout-flex wp-container-core-buttons-is-layout-1 wp-block-buttons-is-layout-flex\"><\/div>\n\n\n\n<p><a href=\"https:\/\/websitedemos.net\/sierra-nature-02\/?preview_id=6&amp;preview_nonce=8931fe6610&amp;preview=true#\"><\/a><\/p>\n<\/div><\/div>\n\n\n\n<div class=\"inherit-container-width wp-block-group alignfull has-white-background-color has-background is-layout-constrained wp-block-group-is-layout-constrained\"><div class=\"wp-block-group__inner-container\">\n<h2 class=\"has-text-align-center has-text-color wp-block-heading\" id=\"about-microbiology-of-agroforestry-ecosystems\" style=\"color:#0170b9\">About Microbiology of Agroforestry Ecosystems<\/h2>\n\n\n\n<p class=\"has-text-align-center\">The research of the group is focused on obtaining basic and applied knowledge about beneficial interactions between plants and microorganisms of interest in agricultural and forestry systems. That is to say, those microorganisms that promote plant growth, protect them against pathogens, provide nutrients to plants, etc. Therefore, the study of the plant microbiome, both external to the root and endophytic, constitutes the core on which the research we do is based by approaches of high-throughput sequencing. Our work on root microbiome, considering the<strong> pool plant-microbiome as a holobiont<\/strong>, covers both agriculture, like our research on the role of olive root microbiome on verticilosis tolerance\/sensitivity; and environmental, like the research on the role of root microbiome on holm-oak recovery after a wildfire or the resilience of pines and melojo oak to climate change. Our final objective is to <strong>contribute to the maintenance of natural and agroforestry ecosystems by the management of its associated microbiomes.<\/strong><\/p>\n\n\n\n<p class=\"has-text-align-center\"><\/p>\n\n\n\n<div class=\"wp-block-buttons is-horizontal is-content-justification-center is-layout-flex wp-container-core-buttons-is-layout-2 wp-block-buttons-is-layout-flex\"><\/div>\n<\/div><\/div>\n\n\n\n<div class=\"wp-block-columns is-layout-flex wp-container-core-columns-is-layout-3 wp-block-columns-is-layout-flex\">\n<div class=\"wp-block-column is-layout-flow wp-block-column-is-layout-flow\" style=\"flex-basis:100%\">\n<div class=\"wp-block-columns is-layout-flex wp-container-core-columns-is-layout-2 wp-block-columns-is-layout-flex\">\n<div class=\"wp-block-column is-layout-flow wp-block-column-is-layout-flow\" style=\"flex-basis:100px\">\n<div class=\"wp-block-columns is-layout-flex wp-container-core-columns-is-layout-1 wp-block-columns-is-layout-flex\">\n<div class=\"wp-block-column is-layout-flow wp-block-column-is-layout-flow\"><\/div>\n<\/div>\n<\/div>\n<\/div>\n<\/div>\n<\/div>\n\n\n\n<div class=\"wp-block-cover alignfull is-light has-parallax\" style=\"background-image:url(https:\/\/grupos.eez.csic.es\/mae\/wp-content\/uploads\/2022\/12\/imagen-pinos-portada-mae.jpg);min-height:500px;aspect-ratio:unset;\"><span aria-hidden=\"true\" class=\"has-background-dim-0 wp-block-cover__gradient-background has-background-dim\"><\/span><div class=\"wp-block-cover__inner-container is-layout-flow wp-block-cover-is-layout-flow\">\n<p class=\"has-text-align-center has-large-font-size\"><\/p>\n<\/div><\/div>\n\n\n\n<div style=\"height:100px\" aria-hidden=\"true\" class=\"wp-block-spacer\"><\/div>\n\n\n\n<section class=\"wp-block-uagb-columns uagb-columns__wrap uagb-columns__background-none uagb-columns__stack-mobile uagb-columns__valign- uagb-columns__gap-10 align uagb-block-d7154f94 uagb-columns__columns-1 uagb-columns__max_width-theme\"><div class=\"uagb-columns__overlay\"><\/div><div class=\"uagb-columns__inner-wrap uagb-columns__columns-1\">\n<div class=\"wp-block-uagb-column uagb-column__wrap uagb-column__background-undefined uagb-block-7e7df546\"><div class=\"uagb-column__overlay\"><\/div>\n<h2 class=\"has-text-align-center has-text-color wp-block-heading\" id=\"sobre-microbiologia-de-ecosistemas-agroforestales-1\" style=\"color:#0170b9\">Sobre Microbiolog\u00eda de Ecosistemas Agroforestales<\/h2>\n\n\n\n<p>El grupo tradicionalmente ha trabajado en las interacciones beneficiosas entre plantas y microorganismos del suelo. Es decir, aquellos microorganismos que promueven el crecimiento vegetal, que protegen frente a pat\u00f3genos, que aportan nutrientes a la planta, etc. tanto en sistemas agr\u00edcolas como forestales. Con el desarrollo de las t\u00e9cnicas de secuenciaci\u00f3n masiva, las aproximaciones que desarrollamos son hol\u00edsticas pasando a estudiar metagenomas y microbiomas; y a considerar el <strong>conjunto planta-microbioma como un holobionte<\/strong>. Nuestro trabajo con la ra\u00edz de \u00e1rboles tiene tanto una parte agraria, ya que investigamos el papel que juega el microbioma radicular del olivo en la sensibilidad\/tolerancia a la verticilosis; como medioambiental al investigar el papel del microbioma en la recuperaci\u00f3n de encinares tras un incendio forestal o en la resiliencia de roble melojo y de pinares frente al cambio clim\u00e1tico. El objetivo final es <strong>contribuir al mantenimiento de los ecosistemas naturales y agroforestales mediante el manejo de sus microbiomas asociados<\/strong><\/p>\n<\/div>\n<\/div><\/section>\n\n\n\n<div class=\"wp-block-uagb-advanced-heading uagb-block-5efe2d06\"><h2 class=\"uagb-heading-text\">News<\/h2><div class=\"uagb-separator\"><\/div><\/div>\n\n\n\n\t\t\t<div class=\"wp-block-uagb-post-grid uagb-post-grid  uagb-post__image-position-top uagb-post__image-enabled uagb-block-b20e66d9     uagb-post__items uagb-post__columns-3 is-grid uagb-post__columns-tablet-2 uagb-post__columns-mobile-1 uagb-post__equal-height\" data-total=\"2\" style=\"\">\n\n\t\t\t\t\t\t\t\t\t\t\t\t<article class=\"uagb-post__inner-wrap\">\t\t\t\t\t\t\t\t<div class='uagb-post__image'>\n\t\t\t\t\t\t\t\t\t<a href=\"https:\/\/grupos.eez.csic.es\/mae\/unraveling-plant-microbiome-interactions-linked-to-disease-tolerance-in-olive-trees\/\" target=\"_self\" rel=\"bookmark noopener noreferrer\" class='uagb-image-ratio-inherit'><img loading=\"lazy\" decoding=\"async\" width=\"450\" height=\"195\" src=\"https:\/\/grupos.eez.csic.es\/mae\/wp-content\/uploads\/2026\/01\/unraveling-plant-microbiome-interactions-linked-to-disease-tolerance-in-olive-trees.jpg\" class=\"attachment-large size-large\" alt=\"\" srcset=\"https:\/\/grupos.eez.csic.es\/mae\/wp-content\/uploads\/2026\/01\/unraveling-plant-microbiome-interactions-linked-to-disease-tolerance-in-olive-trees.jpg 450w, https:\/\/grupos.eez.csic.es\/mae\/wp-content\/uploads\/2026\/01\/unraveling-plant-microbiome-interactions-linked-to-disease-tolerance-in-olive-trees-300x130.jpg 300w\" sizes=\"(max-width: 450px) 100vw, 450px\" \/>\t\t\t\t\t<\/a>\n\t\t\t\t\t\t\t<\/div>\n\t\t\t\t\t\t<h4 class=\"uagb-post__title uagb-post__text\">\n\t\t\t\t<a href=\"https:\/\/grupos.eez.csic.es\/mae\/unraveling-plant-microbiome-interactions-linked-to-disease-tolerance-in-olive-trees\/\" target=\"_self\" rel=\"bookmark noopener noreferrer\">Unraveling plant-microbiome interactions linked to disease tolerance in olive trees<\/a>\n\t\t\t<\/h4>\n\t\t\t\t\t\t<div class='uagb-post__text uagb-post-grid-byline'>\n\t\t\t\t\t\t\t\t<time datetime=\"2026-01-08T13:57:54+01:00\" class=\"uagb-post__date\">\n\t\t\t\t<span class=\"dashicons-calendar dashicons\"><\/span>\t\t\t\t\t8 de enero de 2026\t\t\t\t<\/time>\n\t\t\t\t\t\t\t<span class=\"uagb-post__comment\">\n\t\t\t\t<span class=\"dashicons-admin-comments dashicons\"><\/span>\t\t\t\t\tNo hay comentarios\t\t\t\t<\/span>\n\t\t\t\t\t\t<\/div>\n\t\t\t\t\t\t\t<div class='uagb-post__text uagb-post__excerpt'>\n\t\t\t\t\t<p>https:\/\/www.youtube.com\/watch?v=zyGwIpJaKEw<\/p>\n\t\t\t\t<\/div>\n\t\t\t\t\t\t<div class=\"uagb-post__text uagb-post__cta wp-block-button\">\n\t\t\t\t<a class=\"wp-block-button__link uagb-text-link\" style=\"\" href=\"https:\/\/grupos.eez.csic.es\/mae\/unraveling-plant-microbiome-interactions-linked-to-disease-tolerance-in-olive-trees\/\" target=\"_self\" rel=\"bookmark noopener noreferrer\">Leer m\u00e1s<\/a>\n\t\t\t<\/div>\n\t\t\t\n\t\t\t\t\t\t\t\t\t<\/article>\n\t\t\t\t\t\t\t\t\t\t\t\t\t\t\t\t<article class=\"uagb-post__inner-wrap\">\t\t\t\t\t\t\t\t<div class='uagb-post__image'>\n\t\t\t\t\t\t\t\t\t<a href=\"https:\/\/grupos.eez.csic.es\/mae\/comic-divulgativo-sobre-la-importancia-de-la-microbiota-del-olivo-y-el-empleo-de-agentes-de-control-biologico-frente-a-la-verticilosis-del-olivar\/\" target=\"_self\" rel=\"bookmark noopener noreferrer\" class='uagb-image-ratio-inherit'><img loading=\"lazy\" decoding=\"async\" width=\"376\" height=\"360\" src=\"https:\/\/grupos.eez.csic.es\/mae\/wp-content\/uploads\/2024\/10\/comic-divulgativo-microbiota-del-olivo-mae-eez-noticia.jpg\" class=\"attachment-large size-large\" alt=\"\" srcset=\"https:\/\/grupos.eez.csic.es\/mae\/wp-content\/uploads\/2024\/10\/comic-divulgativo-microbiota-del-olivo-mae-eez-noticia.jpg 376w, https:\/\/grupos.eez.csic.es\/mae\/wp-content\/uploads\/2024\/10\/comic-divulgativo-microbiota-del-olivo-mae-eez-noticia-300x287.jpg 300w\" sizes=\"(max-width: 376px) 100vw, 376px\" \/>\t\t\t\t\t<\/a>\n\t\t\t\t\t\t\t<\/div>\n\t\t\t\t\t\t<h4 class=\"uagb-post__title uagb-post__text\">\n\t\t\t\t<a href=\"https:\/\/grupos.eez.csic.es\/mae\/comic-divulgativo-sobre-la-importancia-de-la-microbiota-del-olivo-y-el-empleo-de-agentes-de-control-biologico-frente-a-la-verticilosis-del-olivar\/\" target=\"_self\" rel=\"bookmark noopener noreferrer\">C\u00f3mic divulgativo sobre la importancia de la microbiota del olivo y el empleo de agentes de control biol\u00f3gico frente a la verticilosis del olivar<\/a>\n\t\t\t<\/h4>\n\t\t\t\t\t\t<div class='uagb-post__text uagb-post-grid-byline'>\n\t\t\t\t\t\t\t\t<time datetime=\"2024-10-17T10:45:54+02:00\" class=\"uagb-post__date\">\n\t\t\t\t<span class=\"dashicons-calendar dashicons\"><\/span>\t\t\t\t\t17 de octubre de 2024\t\t\t\t<\/time>\n\t\t\t\t\t\t\t<span class=\"uagb-post__comment\">\n\t\t\t\t<span class=\"dashicons-admin-comments dashicons\"><\/span>\t\t\t\t\tNo hay comentarios\t\t\t\t<\/span>\n\t\t\t\t\t\t<\/div>\n\t\t\t\t\t\t\t<div class='uagb-post__text uagb-post__excerpt'>\n\t\t\t\t\t\t\t\t\t<\/div>\n\t\t\t\t\t\t<div class=\"uagb-post__text uagb-post__cta wp-block-button\">\n\t\t\t\t<a class=\"wp-block-button__link uagb-text-link\" style=\"\" href=\"https:\/\/grupos.eez.csic.es\/mae\/comic-divulgativo-sobre-la-importancia-de-la-microbiota-del-olivo-y-el-empleo-de-agentes-de-control-biologico-frente-a-la-verticilosis-del-olivar\/\" target=\"_self\" rel=\"bookmark noopener noreferrer\">Leer m\u00e1s<\/a>\n\t\t\t<\/div>\n\t\t\t\n\t\t\t\t\t\t\t\t\t<\/article>\n\t\t\t\t\t\t\t\t\t\t\t\t\t\t\t\t<article class=\"uagb-post__inner-wrap\">\t\t\t\t\t\t\t\t<h4 class=\"uagb-post__title uagb-post__text\">\n\t\t\t\t<a href=\"https:\/\/grupos.eez.csic.es\/mae\/por-que-mueren-los-pinos\/\" target=\"_self\" rel=\"bookmark noopener noreferrer\">\u00bfPor qu\u00e9 mueren los pinos?<\/a>\n\t\t\t<\/h4>\n\t\t\t\t\t\t<div class='uagb-post__text uagb-post-grid-byline'>\n\t\t\t\t\t\t\t\t<time datetime=\"2024-06-10T12:47:00+02:00\" class=\"uagb-post__date\">\n\t\t\t\t<span class=\"dashicons-calendar dashicons\"><\/span>\t\t\t\t\t10 de junio de 2024\t\t\t\t<\/time>\n\t\t\t\t\t\t\t<span class=\"uagb-post__comment\">\n\t\t\t\t<span class=\"dashicons-admin-comments dashicons\"><\/span>\t\t\t\t\tNo hay comentarios\t\t\t\t<\/span>\n\t\t\t\t\t\t<\/div>\n\t\t\t\t\t\t\t<div class='uagb-post__text uagb-post__excerpt'>\n\t\t\t\t\t<p>V\u00eddeo del programa \u201cConCiencia\u201d de Andaluc\u00eda TV https:\/\/www.canalsur.es\/television\/programas\/conciencia\/noticia\/2055035.html<\/p>\n\t\t\t\t<\/div>\n\t\t\t\t\t\t<div class=\"uagb-post__text uagb-post__cta wp-block-button\">\n\t\t\t\t<a class=\"wp-block-button__link uagb-text-link\" style=\"\" href=\"https:\/\/grupos.eez.csic.es\/mae\/por-que-mueren-los-pinos\/\" target=\"_self\" rel=\"bookmark noopener noreferrer\">Leer m\u00e1s<\/a>\n\t\t\t<\/div>\n\t\t\t\n\t\t\t\t\t\t\t\t\t<\/article>\n\t\t\t\t\t\t\t\t\t\t\t\t\t\t\t\t<article class=\"uagb-post__inner-wrap\">\t\t\t\t\t\t\t\t<h4 class=\"uagb-post__title uagb-post__text\">\n\t\t\t\t<a href=\"https:\/\/grupos.eez.csic.es\/mae\/papel-del-microbioma-en-la-resiliencia-de-pinares-frente-al-cambio-climatico\/\" target=\"_self\" rel=\"bookmark noopener noreferrer\">Papel del microbioma en la resiliencia de pinares frente al cambio clim\u00e1tico<\/a>\n\t\t\t<\/h4>\n\t\t\t\t\t\t<div class='uagb-post__text uagb-post-grid-byline'>\n\t\t\t\t\t\t\t\t<time datetime=\"2022-02-10T12:45:00+01:00\" class=\"uagb-post__date\">\n\t\t\t\t<span class=\"dashicons-calendar dashicons\"><\/span>\t\t\t\t\t10 de febrero de 2022\t\t\t\t<\/time>\n\t\t\t\t\t\t\t<span class=\"uagb-post__comment\">\n\t\t\t\t<span class=\"dashicons-admin-comments dashicons\"><\/span>\t\t\t\t\tNo hay comentarios\t\t\t\t<\/span>\n\t\t\t\t\t\t<\/div>\n\t\t\t\t\t\t\t<div class='uagb-post__text uagb-post__excerpt'>\n\t\t\t\t\t<p>V\u00eddeo divulgativo del proyecto SUMHAL &#8211; LifeWatch-ERIC https:\/\/www.youtube.com\/watch?v=KdFg6MMqo-k<\/p>\n\t\t\t\t<\/div>\n\t\t\t\t\t\t<div class=\"uagb-post__text uagb-post__cta wp-block-button\">\n\t\t\t\t<a class=\"wp-block-button__link uagb-text-link\" style=\"\" href=\"https:\/\/grupos.eez.csic.es\/mae\/papel-del-microbioma-en-la-resiliencia-de-pinares-frente-al-cambio-climatico\/\" target=\"_self\" rel=\"bookmark noopener noreferrer\">Leer m\u00e1s<\/a>\n\t\t\t<\/div>\n\t\t\t\n\t\t\t\t\t\t\t\t\t<\/article>\n\t\t\t\t\t\t\t\t\t\t\t\t\t\t\t\t<article class=\"uagb-post__inner-wrap\">\t\t\t\t\t\t\t\t<div class='uagb-post__image'>\n\t\t\t\t\t\t\t\t\t<a href=\"https:\/\/grupos.eez.csic.es\/mae\/script-for-microbiome-analysis\/\" target=\"_self\" rel=\"bookmark noopener noreferrer\" class='uagb-image-ratio-inherit'><img loading=\"lazy\" decoding=\"async\" width=\"866\" height=\"785\" src=\"https:\/\/grupos.eez.csic.es\/mae\/wp-content\/uploads\/2021\/11\/mae-script-for-microbial-analysis.jpg\" class=\"attachment-large size-large\" alt=\"\" srcset=\"https:\/\/grupos.eez.csic.es\/mae\/wp-content\/uploads\/2021\/11\/mae-script-for-microbial-analysis.jpg 866w, https:\/\/grupos.eez.csic.es\/mae\/wp-content\/uploads\/2021\/11\/mae-script-for-microbial-analysis-300x272.jpg 300w, https:\/\/grupos.eez.csic.es\/mae\/wp-content\/uploads\/2021\/11\/mae-script-for-microbial-analysis-768x696.jpg 768w\" sizes=\"(max-width: 866px) 100vw, 866px\" \/>\t\t\t\t\t<\/a>\n\t\t\t\t\t\t\t<\/div>\n\t\t\t\t\t\t<h4 class=\"uagb-post__title uagb-post__text\">\n\t\t\t\t<a href=\"https:\/\/grupos.eez.csic.es\/mae\/script-for-microbiome-analysis\/\" target=\"_self\" rel=\"bookmark noopener noreferrer\">Script for microbiome analysis<\/a>\n\t\t\t<\/h4>\n\t\t\t\t\t\t<div class='uagb-post__text uagb-post-grid-byline'>\n\t\t\t\t\t\t\t\t<time datetime=\"2021-11-23T12:40:12+01:00\" class=\"uagb-post__date\">\n\t\t\t\t<span class=\"dashicons-calendar dashicons\"><\/span>\t\t\t\t\t23 de noviembre de 2021\t\t\t\t<\/time>\n\t\t\t\t\t\t\t<span class=\"uagb-post__comment\">\n\t\t\t\t<span class=\"dashicons-admin-comments dashicons\"><\/span>\t\t\t\t\tNo hay comentarios\t\t\t\t<\/span>\n\t\t\t\t\t\t<\/div>\n\t\t\t\t\t\t\t<div class='uagb-post__text uagb-post__excerpt'>\n\t\t\t\t\t<p>A package has been created in order to record R functions we usually use in&#8230;\t\t\t\t<\/div>\n\t\t\t\t\t\t<div class=\"uagb-post__text uagb-post__cta wp-block-button\">\n\t\t\t\t<a class=\"wp-block-button__link uagb-text-link\" style=\"\" href=\"https:\/\/grupos.eez.csic.es\/mae\/script-for-microbiome-analysis\/\" target=\"_self\" rel=\"bookmark noopener noreferrer\">Leer m\u00e1s<\/a>\n\t\t\t<\/div>\n\t\t\t\n\t\t\t\t\t\t\t\t\t<\/article>\n\t\t\t\t\t\t\t\t\t\t\t\t\t\t\t\t<article class=\"uagb-post__inner-wrap\">\t\t\t\t\t\t\t\t<div class='uagb-post__image'>\n\t\t\t\t\t\t\t\t\t<a href=\"https:\/\/grupos.eez.csic.es\/mae\/new-project-evomicrobia\/\" target=\"_self\" rel=\"bookmark noopener noreferrer\" class='uagb-image-ratio-inherit'><img loading=\"lazy\" decoding=\"async\" width=\"800\" height=\"600\" src=\"https:\/\/grupos.eez.csic.es\/mae\/wp-content\/uploads\/2021\/11\/mae-evomicrobial-platanera.jpg\" class=\"attachment-large size-large\" alt=\"\" srcset=\"https:\/\/grupos.eez.csic.es\/mae\/wp-content\/uploads\/2021\/11\/mae-evomicrobial-platanera.jpg 800w, https:\/\/grupos.eez.csic.es\/mae\/wp-content\/uploads\/2021\/11\/mae-evomicrobial-platanera-300x225.jpg 300w, https:\/\/grupos.eez.csic.es\/mae\/wp-content\/uploads\/2021\/11\/mae-evomicrobial-platanera-768x576.jpg 768w\" sizes=\"(max-width: 800px) 100vw, 800px\" \/>\t\t\t\t\t<\/a>\n\t\t\t\t\t\t\t<\/div>\n\t\t\t\t\t\t<h4 class=\"uagb-post__title uagb-post__text\">\n\t\t\t\t<a href=\"https:\/\/grupos.eez.csic.es\/mae\/new-project-evomicrobia\/\" target=\"_self\" rel=\"bookmark noopener noreferrer\">New project: EVOMICROBIA<\/a>\n\t\t\t<\/h4>\n\t\t\t\t\t\t<div class='uagb-post__text uagb-post-grid-byline'>\n\t\t\t\t\t\t\t\t<time datetime=\"2021-11-23T12:36:42+01:00\" class=\"uagb-post__date\">\n\t\t\t\t<span class=\"dashicons-calendar dashicons\"><\/span>\t\t\t\t\t23 de noviembre de 2021\t\t\t\t<\/time>\n\t\t\t\t\t\t\t<span class=\"uagb-post__comment\">\n\t\t\t\t<span class=\"dashicons-admin-comments dashicons\"><\/span>\t\t\t\t\tNo hay comentarios\t\t\t\t<\/span>\n\t\t\t\t\t\t<\/div>\n\t\t\t\t\t\t\t<div class='uagb-post__text uagb-post__excerpt'>\n\t\t\t\t\t<p>Directed evolution of improved microbial consortia for biocontrol of Fusarium wilt of banana in the&#8230;\t\t\t\t<\/div>\n\t\t\t\t\t\t<div class=\"uagb-post__text uagb-post__cta wp-block-button\">\n\t\t\t\t<a class=\"wp-block-button__link uagb-text-link\" style=\"\" href=\"https:\/\/grupos.eez.csic.es\/mae\/new-project-evomicrobia\/\" target=\"_self\" rel=\"bookmark noopener noreferrer\">Leer m\u00e1s<\/a>\n\t\t\t<\/div>\n\t\t\t\n\t\t\t\t\t\t\t\t\t<\/article>\n\t\t\t\t\t\t\t\t\t\t\t<\/div>\n\t\t\t","protected":false},"excerpt":{"rendered":"<p>About Microbiology of Agroforestry Ecosystems The research of the group is focused on obtaining basic and applied knowledge about beneficial interactions between plants and microorganisms of interest in agricultural and forestry systems. That is to say, those microorganisms that promote plant growth, protect them against pathogens, provide nutrients to plants, etc. Therefore, the study of [&hellip;]<\/p>\n","protected":false},"author":1,"featured_media":0,"parent":0,"menu_order":0,"comment_status":"closed","ping_status":"closed","template":"","meta":{"_uag_custom_page_level_css":"","site-sidebar-layout":"no-sidebar","site-content-layout":"plain-container","ast-site-content-layout":"default","site-content-style":"default","site-sidebar-style":"default","ast-global-header-display":"","ast-banner-title-visibility":"","ast-main-header-display":"","ast-hfb-above-header-display":"","ast-hfb-below-header-display":"","ast-hfb-mobile-header-display":"","site-post-title":"disabled","ast-breadcrumbs-content":"","ast-featured-img":"disabled","footer-sml-layout":"","ast-disable-related-posts":"","theme-transparent-header-meta":"disabled","adv-header-id-meta":"","stick-header-meta":"default","header-above-stick-meta":"","header-main-stick-meta":"","header-below-stick-meta":"","astra-migrate-meta-layouts":"default","ast-page-background-enabled":"default","ast-page-background-meta":{"desktop":{"background-color":"","background-image":"","background-repeat":"repeat","background-position":"center center","background-size":"auto","background-attachment":"scroll","background-type":"","background-media":"","overlay-type":"","overlay-color":"","overlay-opacity":"","overlay-gradient":""},"tablet":{"background-color":"","background-image":"","background-repeat":"repeat","background-position":"center center","background-size":"auto","background-attachment":"scroll","background-type":"","background-media":"","overlay-type":"","overlay-color":"","overlay-opacity":"","overlay-gradient":""},"mobile":{"background-color":"","background-image":"","background-repeat":"repeat","background-position":"center center","background-size":"auto","background-attachment":"scroll","background-type":"","background-media":"","overlay-type":"","overlay-color":"","overlay-opacity":"","overlay-gradient":""}},"ast-content-background-meta":{"desktop":{"background-color":"var(--ast-global-color-5)","background-image":"","background-repeat":"repeat","background-position":"center center","background-size":"auto","background-attachment":"scroll","background-type":"","background-media":"","overlay-type":"","overlay-color":"","overlay-opacity":"","overlay-gradient":""},"tablet":{"background-color":"var(--ast-global-color-5)","background-image":"","background-repeat":"repeat","background-position":"center center","background-size":"auto","background-attachment":"scroll","background-type":"","background-media":"","overlay-type":"","overlay-color":"","overlay-opacity":"","overlay-gradient":""},"mobile":{"background-color":"var(--ast-global-color-5)","background-image":"","background-repeat":"repeat","background-position":"center center","background-size":"auto","background-attachment":"scroll","background-type":"","background-media":"","overlay-type":"","overlay-color":"","overlay-opacity":"","overlay-gradient":""}},"footnotes":""},"uagb_featured_image_src":{"full":false,"thumbnail":false,"medium":false,"medium_large":false,"large":false,"1536x1536":false,"2048x2048":false},"uagb_author_info":{"display_name":"admin-mae","author_link":"https:\/\/grupos.eez.csic.es\/mae\/author\/admin-mae\/"},"uagb_comment_info":0,"uagb_excerpt":"About Microbiology of Agroforestry Ecosystems The research of the group is focused on obtaining basic and applied knowledge about beneficial interactions between plants and microorganisms of interest in agricultural and forestry systems. That is to say, those microorganisms that promote plant growth, protect them against pathogens, provide nutrients to plants, etc. Therefore, the study of&hellip;","_links":{"self":[{"href":"https:\/\/grupos.eez.csic.es\/mae\/wp-json\/wp\/v2\/pages\/22"}],"collection":[{"href":"https:\/\/grupos.eez.csic.es\/mae\/wp-json\/wp\/v2\/pages"}],"about":[{"href":"https:\/\/grupos.eez.csic.es\/mae\/wp-json\/wp\/v2\/types\/page"}],"author":[{"embeddable":true,"href":"https:\/\/grupos.eez.csic.es\/mae\/wp-json\/wp\/v2\/users\/1"}],"replies":[{"embeddable":true,"href":"https:\/\/grupos.eez.csic.es\/mae\/wp-json\/wp\/v2\/comments?post=22"}],"version-history":[{"count":58,"href":"https:\/\/grupos.eez.csic.es\/mae\/wp-json\/wp\/v2\/pages\/22\/revisions"}],"predecessor-version":[{"id":902,"href":"https:\/\/grupos.eez.csic.es\/mae\/wp-json\/wp\/v2\/pages\/22\/revisions\/902"}],"wp:attachment":[{"href":"https:\/\/grupos.eez.csic.es\/mae\/wp-json\/wp\/v2\/media?parent=22"}],"curies":[{"name":"wp","href":"https:\/\/api.w.org\/{rel}","templated":true}]}}