{"id":715,"date":"2022-06-12T18:18:07","date_gmt":"2022-06-12T16:18:07","guid":{"rendered":"https:\/\/grupos.eez.csic.es\/mae\/?page_id=715"},"modified":"2022-06-12T18:41:07","modified_gmt":"2022-06-12T16:41:07","slug":"book-chapters","status":"publish","type":"page","link":"https:\/\/grupos.eez.csic.es\/mae\/book-chapters\/","title":{"rendered":"Book chapters"},"content":{"rendered":"\n<div class=\"wp-block-cover alignfull\"><span aria-hidden=\"true\" class=\"has-background-dim-0 wp-block-cover__gradient-background has-background-dim\"><\/span><img loading=\"lazy\" decoding=\"async\" width=\"1024\" height=\"219\" class=\"wp-block-cover__image-background wp-image-374\" alt=\"\" src=\"https:\/\/grupos.eez.csic.es\/mae\/wp-content\/uploads\/2021\/10\/banner-mae-prueba-publications-1024x219.jpg\" data-object-fit=\"cover\" srcset=\"https:\/\/grupos.eez.csic.es\/mae\/wp-content\/uploads\/2021\/10\/banner-mae-prueba-publications-1024x219.jpg 1024w, https:\/\/grupos.eez.csic.es\/mae\/wp-content\/uploads\/2021\/10\/banner-mae-prueba-publications-300x64.jpg 300w, https:\/\/grupos.eez.csic.es\/mae\/wp-content\/uploads\/2021\/10\/banner-mae-prueba-publications-768x165.jpg 768w, https:\/\/grupos.eez.csic.es\/mae\/wp-content\/uploads\/2021\/10\/banner-mae-prueba-publications.jpg 1400w\" sizes=\"(max-width: 1024px) 100vw, 1024px\" \/><div class=\"wp-block-cover__inner-container is-layout-flow wp-block-cover-is-layout-flow\">\n<p style=\"font-size:80px\"><strong>Book chapters<\/strong><\/p>\n<\/div><\/div>\n\n\n\n<div style=\"height:100px\" aria-hidden=\"true\" class=\"wp-block-spacer\"><\/div>\n\n\n\n<div class=\"wp-block-columns is-layout-flex wp-container-core-columns-is-layout-1 wp-block-columns-is-layout-flex\">\n<div class=\"wp-block-column is-layout-flow wp-block-column-is-layout-flow\" style=\"flex-basis:100%\"><nav class=\"is-responsive wp-block-navigation is-layout-flex wp-block-navigation-is-layout-flex\" aria-label=\"Navegaci\u00f3n 2\" \n\t\t\tdata-wp-interactive='{\"namespace\":\"core\/navigation\"}'\n\t\t\tdata-wp-context='{\"overlayOpenedBy\":[],\"type\":\"overlay\",\"roleAttribute\":\"\",\"ariaLabel\":\"Men\\u00fa\"}'\n\t\tdata-wp-init=\"callbacks.initNav\" data-wp-class--is-collapsed=\"context.isCollapsed\"><button aria-haspopup=\"dialog\" aria-label=\"Abrir el men\u00fa\" class=\"wp-block-navigation__responsive-container-open\" \n\t\t\t\tdata-wp-on--click=\"actions.openMenuOnClick\"\n\t\t\t\tdata-wp-on--keydown=\"actions.handleMenuKeydown\"\n\t\t\t><svg width=\"24\" height=\"24\" xmlns=\"http:\/\/www.w3.org\/2000\/svg\" viewBox=\"0 0 24 24\" aria-hidden=\"true\" focusable=\"false\"><rect x=\"4\" y=\"7.5\" width=\"16\" height=\"1.5\" \/><rect x=\"4\" y=\"15\" width=\"16\" height=\"1.5\" \/><\/svg><\/button>\n\t\t\t\t<div class=\"wp-block-navigation__responsive-container \" style=\"\" id=\"modal-1\" \n\t\t\t\tdata-wp-class--has-modal-open=\"state.isMenuOpen\"\n\t\t\t\tdata-wp-class--is-menu-open=\"state.isMenuOpen\"\n\t\t\t\tdata-wp-watch=\"callbacks.initMenu\"\n\t\t\t\tdata-wp-on--keydown=\"actions.handleMenuKeydown\"\n\t\t\t\tdata-wp-on--focusout=\"actions.handleMenuFocusout\"\n\t\t\t\ttabindex=\"-1\"\n\t\t\t>\n\t\t\t\t\t<div class=\"wp-block-navigation__responsive-close\" tabindex=\"-1\">\n\t\t\t\t\t\t<div class=\"wp-block-navigation__responsive-dialog\" \n\t\t\t\tdata-wp-bind--aria-modal=\"state.ariaModal\"\n\t\t\t\tdata-wp-bind--aria-label=\"state.ariaLabel\"\n\t\t\t\tdata-wp-bind--role=\"state.roleAttribute\"\n\t\t\t>\n\t\t\t\t\t\t\t<button aria-label=\"Cerrar el men\u00fa\" class=\"wp-block-navigation__responsive-container-close\" \n\t\t\t\tdata-wp-on--click=\"actions.closeMenuOnClick\"\n\t\t\t><svg xmlns=\"http:\/\/www.w3.org\/2000\/svg\" viewBox=\"0 0 24 24\" width=\"24\" height=\"24\" aria-hidden=\"true\" focusable=\"false\"><path d=\"M13 11.8l6.1-6.3-1-1-6.1 6.2-6.1-6.2-1 1 6.1 6.3-6.5 6.7 1 1 6.5-6.6 6.5 6.6 1-1z\"><\/path><\/svg><\/button>\n\t\t\t\t\t\t\t<div class=\"wp-block-navigation__responsive-container-content\" \n\t\t\t\tdata-wp-watch=\"callbacks.focusFirstElement\"\n\t\t\t id=\"modal-1-content\">\n\t\t\t\t\t\t\t\t<ul class=\"wp-block-navigation__container is-responsive wp-block-navigation\"><li class=\" wp-block-navigation-item wp-block-navigation-link\"><a class=\"wp-block-navigation-item__content\"  href=\"#2020\"><span class=\"wp-block-navigation-item__label\">#2020<\/span><\/a><\/li><li class=\" wp-block-navigation-item wp-block-navigation-link\"><a class=\"wp-block-navigation-item__content\"  href=\"#2019\"><span class=\"wp-block-navigation-item__label\">#2019<\/span><\/a><\/li><li class=\" wp-block-navigation-item wp-block-navigation-link\"><a class=\"wp-block-navigation-item__content\"  href=\"#2018\"><span class=\"wp-block-navigation-item__label\">#2018<\/span><\/a><\/li><\/ul>\n\t\t\t\t\t\t\t<\/div>\n\t\t\t\t\t\t<\/div>\n\t\t\t\t\t<\/div>\n\t\t\t\t<\/div><\/nav><\/div>\n<\/div>\n\n\n\n<h2 class=\"has-text-color wp-block-heading\" id=\"2020\" style=\"color:#0071a1\">2020<\/h2>\n\n\n\n<hr class=\"wp-block-separator has-text-color has-background is-style-default\" style=\"background-color:#0071a1;color:#0071a1\"\/>\n\n\n\n<div class=\"wp-block-columns is-layout-flex wp-container-core-columns-is-layout-2 wp-block-columns-is-layout-flex\">\n<div class=\"wp-block-column is-layout-flow wp-block-column-is-layout-flow\" style=\"flex-basis:100%\">\n<section class=\"wp-block-uagb-columns uagb-columns__wrap uagb-columns__background-undefined uagb-columns__stack-mobile uagb-columns__valign-undefined uagb-columns__gap-10 alignundefined uagb-block-8cad4022\"><div class=\"uagb-columns__overlay\"><\/div><div class=\"uagb-columns__inner-wrap uagb-columns__columns-3\">\n<div class=\"wp-block-uagb-column uagb-column__wrap uagb-column__background-undefined uagb-block-b7196c29\"><div class=\"uagb-column__overlay\"><\/div><div class=\"uagb-column__inner-wrap\">\n<h3>Estudio de la abundancia y diversidad de las comunidades bacterianas activas durante el compostaje<\/h3>\n<p>Tortosa, G., A.J. Fern\u00e1ndez-Gonz\u00e1lez, A.V. Lasa, E. Aranda, F. Torralbo, C. Gonz\u00e1lez-Murua, M. Fern\u00e1ndez-L\u00f3pez, E. Ben\u00edtez and E.J. Bedmar<\/p>\n<p><strong>In: Compostaje Webinars 2020. Red Espa\u00f1ola de Compostaje REC. Pp.: 175-179. ISBN: 978-84-09-27257-0<\/strong><\/p>\n<\/div><\/div>\n\n\n\n<div class=\"wp-block-uagb-column uagb-column__wrap uagb-column__background-undefined uagb-block-2f6e1dfa\"><div class=\"uagb-column__overlay\"><\/div><div class=\"uagb-column__inner-wrap\"><\/div><\/div>\n\n\n\n<div class=\"wp-block-uagb-column uagb-column__wrap uagb-column__background-undefined uagb-block-a84ecceb\"><div class=\"uagb-column__overlay\"><\/div><div class=\"uagb-column__inner-wrap\"><\/div><\/div>\n<\/div><\/section>\n<\/div>\n<\/div>\n\n\n\n<h2 class=\"has-text-color wp-block-heading\" id=\"2019\" style=\"color:#0071a1\">2019<\/h2>\n\n\n\n<hr class=\"wp-block-separator has-text-color has-background is-style-default\" style=\"background-color:#0071a1;color:#0071a1\"\/>\n\n\n\n<section class=\"wp-block-uagb-columns uagb-columns__wrap uagb-columns__background-undefined uagb-columns__stack-mobile uagb-columns__valign-undefined uagb-columns__gap-10 alignundefined uagb-block-63acb6a8\"><div class=\"uagb-columns__overlay\"><\/div><div class=\"uagb-columns__inner-wrap uagb-columns__columns-3\">\n<div class=\"wp-block-uagb-column uagb-column__wrap uagb-column__background-undefined uagb-block-7f817234\"><div class=\"uagb-column__overlay\"><\/div><div class=\"uagb-column__inner-wrap\">\n<h2>Investigaciones sobre la flora forrajera en mejoras de pastos, restauraci\u00f3n forestal, y silvicultura preventiva con ganado: Una experiencia piloto en Sierra Nevada<\/h2>\n<p>Robles Cruz, A.B., M.E. Ramos Font, M. Tognetti Barbieri, M. Fern\u00e1ndez L\u00f3pez, L.M. Sandalio Gonz\u00e1lez, P.J. Villadas Latorre, A.V. Lasa<u>,<\/u> R.J. Reine Vi\u00f1ales and J.L. Gonz\u00e1lez Rebollar<\/p>\n<p><strong>In: Naturaleza y Parques Nacionales. Proyectos de investigaci\u00f3n en Parques Nacionales: 2013-2017. Organismo Aut\u00f3nomo Parques Nacionales. Pp.: 233-258. ISBN: 978-84-8014-924-2<\/strong><\/p>\n<\/div><\/div>\n\n\n\n<div class=\"wp-block-uagb-column uagb-column__wrap uagb-column__background-undefined uagb-block-f1b09948\"><div class=\"uagb-column__overlay\"><\/div><div class=\"uagb-column__inner-wrap\"><\/div><\/div>\n\n\n\n<div class=\"wp-block-uagb-column uagb-column__wrap uagb-column__background-undefined uagb-block-6c4998a4\"><div class=\"uagb-column__overlay\"><\/div><div class=\"uagb-column__inner-wrap\"><\/div><\/div>\n<\/div><\/section>\n\n\n\n<h2 class=\"has-text-color wp-block-heading\" id=\"2018\" style=\"color:#0071a1\">2018<\/h2>\n\n\n\n<hr class=\"wp-block-separator has-text-color has-background is-style-default\" style=\"background-color:#0071a1;color:#0071a1\"\/>\n\n\n\n<section class=\"wp-block-uagb-columns uagb-columns__wrap uagb-columns__background-undefined uagb-columns__stack-mobile uagb-columns__valign-undefined uagb-columns__gap-10 alignundefined uagb-block-46b9a997\"><div class=\"uagb-columns__overlay\"><\/div><div class=\"uagb-columns__inner-wrap uagb-columns__columns-3\">\n<div class=\"wp-block-uagb-column uagb-column__wrap uagb-column__background-undefined uagb-block-737126ad\"><div class=\"uagb-column__overlay\"><\/div><div class=\"uagb-column__inner-wrap\">\n<h2>Soil biodiversity and European woody agroecosystems<\/h2>\n<p>Grenni P., M. Fern\u00e1ndez-L\u00f3pez and J. Mercado-Blanco (Eds)<\/p>\n<p><strong>Water Research institute, National Research Council of Italy (IRSA-CNR). Rome (Italy). ISBN 9788897655039. <a href=\"http:\/\/hdl.handle.net\/10261\/175998\" target=\"_blank\" rel=\"noopener\">http:\/\/hdl.handle.net\/10261\/175998<\/a> <\/strong><\/p>\n<\/div><\/div>\n\n\n\n<div class=\"wp-block-uagb-column uagb-column__wrap uagb-column__background-undefined uagb-block-f9876d38\"><div class=\"uagb-column__overlay\"><\/div><div class=\"uagb-column__inner-wrap\">\n<h2>Analysis of rhizobial endosymbionts of legumes species used to maintain mountain firewalls in Sierra Nevada National Park (South Spain)<\/h2>\n<p>Villadas, P.J., A.V. Lasa, P. Mart\u00ednez-Hidalgo, J.D. Flores-F\u00e9lix, E. Mart\u00ednez-Molina, N. Toro, E. Vel\u00e1zquez and M. Fern\u00e1ndez-L\u00f3pez<\/p>\n<p><strong>In: Soil biodiversity and European woody agroecosystems meeting of the COST Action FP1305 (BioLink-Linking belowground biodiversity and ecosystem func-tion in European forests). Water Research institute, National Research Council of Italy (IRSA-CNR). Pp.: 127-129. ISBN: 978-88-97655-03-9.<\/strong><\/p>\n<\/div><\/div>\n\n\n\n<div class=\"wp-block-uagb-column uagb-column__wrap uagb-column__background-undefined uagb-block-b52bd2ef\"><div class=\"uagb-column__overlay\"><\/div><div class=\"uagb-column__inner-wrap\">\n<h2>The <em>Quercus pyrenaica<\/em> rhizospheric microbiome<\/h2>\n<p>Lasa, A.V., A.J. Fern\u00e1ndez-Gonz\u00e1lez, P.J. Villadas, N. Toro and M. Fern\u00e1ndez-L\u00f3pez<\/p>\n<p><strong>In: Soil biodiversity and European woody agroecosystems meeting of the COST Action FP1305 (BioLink-Linking belowground biodiversity and ecosystem func-tion in European forests). Water Research institute, National Research Council of Italy (IRSA-CNR). Pp.: 89-91. ISBN: 978-88-97655-03-9.<\/strong><\/p>\n<\/div><\/div>\n<\/div><\/section>\n","protected":false},"excerpt":{"rendered":"<p>2020 Estudio de la abundancia y diversidad de las comunidades bacterianas activas durante el compostaje Tortosa, G., A.J. Fern\u00e1ndez-Gonz\u00e1lez, A.V. Lasa, E. Aranda, F. Torralbo, C. Gonz\u00e1lez-Murua, M. Fern\u00e1ndez-L\u00f3pez, E. Ben\u00edtez and E.J. Bedmar In: Compostaje Webinars 2020. Red Espa\u00f1ola de Compostaje REC. Pp.: 175-179. ISBN: 978-84-09-27257-0 2019 Investigaciones sobre la flora forrajera en mejoras [&hellip;]<\/p>\n","protected":false},"author":1,"featured_media":0,"parent":0,"menu_order":0,"comment_status":"closed","ping_status":"closed","template":"","meta":{"_uag_custom_page_level_css":"","site-sidebar-layout":"no-sidebar","site-content-layout":"plain-container","ast-site-content-layout":"default","site-content-style":"default","site-sidebar-style":"default","ast-global-header-display":"","ast-banner-title-visibility":"","ast-main-header-display":"","ast-hfb-above-header-display":"","ast-hfb-below-header-display":"","ast-hfb-mobile-header-display":"","site-post-title":"disabled","ast-breadcrumbs-content":"","ast-featured-img":"","footer-sml-layout":"","ast-disable-related-posts":"","theme-transparent-header-meta":"default","adv-header-id-meta":"","stick-header-meta":"default","header-above-stick-meta":"","header-main-stick-meta":"","header-below-stick-meta":"","astra-migrate-meta-layouts":"default","ast-page-background-enabled":"default","ast-page-background-meta":{"desktop":{"background-color":"","background-image":"","background-repeat":"repeat","background-position":"center center","background-size":"auto","background-attachment":"scroll","background-type":"","background-media":"","overlay-type":"","overlay-color":"","overlay-opacity":"","overlay-gradient":""},"tablet":{"background-color":"","background-image":"","background-repeat":"repeat","background-position":"center center","background-size":"auto","background-attachment":"scroll","background-type":"","background-media":"","overlay-type":"","overlay-color":"","overlay-opacity":"","overlay-gradient":""},"mobile":{"background-color":"","background-image":"","background-repeat":"repeat","background-position":"center center","background-size":"auto","background-attachment":"scroll","background-type":"","background-media":"","overlay-type":"","overlay-color":"","overlay-opacity":"","overlay-gradient":""}},"ast-content-background-meta":{"desktop":{"background-color":"var(--ast-global-color-5)","background-image":"","background-repeat":"repeat","background-position":"center center","background-size":"auto","background-attachment":"scroll","background-type":"","background-media":"","overlay-type":"","overlay-color":"","overlay-opacity":"","overlay-gradient":""},"tablet":{"background-color":"var(--ast-global-color-5)","background-image":"","background-repeat":"repeat","background-position":"center center","background-size":"auto","background-attachment":"scroll","background-type":"","background-media":"","overlay-type":"","overlay-color":"","overlay-opacity":"","overlay-gradient":""},"mobile":{"background-color":"var(--ast-global-color-5)","background-image":"","background-repeat":"repeat","background-position":"center center","background-size":"auto","background-attachment":"scroll","background-type":"","background-media":"","overlay-type":"","overlay-color":"","overlay-opacity":"","overlay-gradient":""}},"footnotes":""},"uagb_featured_image_src":{"full":false,"thumbnail":false,"medium":false,"medium_large":false,"large":false,"1536x1536":false,"2048x2048":false},"uagb_author_info":{"display_name":"admin-mae","author_link":"https:\/\/grupos.eez.csic.es\/mae\/author\/admin-mae\/"},"uagb_comment_info":0,"uagb_excerpt":"2020 Estudio de la abundancia y diversidad de las comunidades bacterianas activas durante el compostaje Tortosa, G., A.J. Fern\u00e1ndez-Gonz\u00e1lez, A.V. Lasa, E. Aranda, F. Torralbo, C. Gonz\u00e1lez-Murua, M. Fern\u00e1ndez-L\u00f3pez, E. Ben\u00edtez and E.J. Bedmar In: Compostaje Webinars 2020. Red Espa\u00f1ola de Compostaje REC. Pp.: 175-179. ISBN: 978-84-09-27257-0 2019 Investigaciones sobre la flora forrajera en mejoras&hellip;","_links":{"self":[{"href":"https:\/\/grupos.eez.csic.es\/mae\/wp-json\/wp\/v2\/pages\/715"}],"collection":[{"href":"https:\/\/grupos.eez.csic.es\/mae\/wp-json\/wp\/v2\/pages"}],"about":[{"href":"https:\/\/grupos.eez.csic.es\/mae\/wp-json\/wp\/v2\/types\/page"}],"author":[{"embeddable":true,"href":"https:\/\/grupos.eez.csic.es\/mae\/wp-json\/wp\/v2\/users\/1"}],"replies":[{"embeddable":true,"href":"https:\/\/grupos.eez.csic.es\/mae\/wp-json\/wp\/v2\/comments?post=715"}],"version-history":[{"count":8,"href":"https:\/\/grupos.eez.csic.es\/mae\/wp-json\/wp\/v2\/pages\/715\/revisions"}],"predecessor-version":[{"id":736,"href":"https:\/\/grupos.eez.csic.es\/mae\/wp-json\/wp\/v2\/pages\/715\/revisions\/736"}],"wp:attachment":[{"href":"https:\/\/grupos.eez.csic.es\/mae\/wp-json\/wp\/v2\/media?parent=715"}],"curies":[{"name":"wp","href":"https:\/\/api.w.org\/{rel}","templated":true}]}}