{"id":98,"date":"2021-06-13T13:22:11","date_gmt":"2021-06-13T11:22:11","guid":{"rendered":"https:\/\/grupos.eez.csic.es\/mae\/?page_id=98"},"modified":"2022-09-22T13:41:40","modified_gmt":"2022-09-22T11:41:40","slug":"antonio-jose-fernandez-gonzalez","status":"publish","type":"page","link":"https:\/\/grupos.eez.csic.es\/mae\/antonio-jose-fernandez-gonzalez\/","title":{"rendered":"Antonio Jos\u00e9 Fern\u00e1ndez Gonz\u00e1lez"},"content":{"rendered":"\n<div class=\"wp-block-cover alignfull\" style=\"min-height:300px;aspect-ratio:unset;\"><span aria-hidden=\"true\" class=\"has-background-dim-0 wp-block-cover__gradient-background has-background-dim\"><\/span><img loading=\"lazy\" decoding=\"async\" width=\"1400\" height=\"300\" class=\"wp-block-cover__image-background wp-image-378\" alt=\"\" src=\"https:\/\/grupos.eez.csic.es\/mae\/wp-content\/uploads\/2021\/10\/banner-mae-people.jpg\" data-object-fit=\"cover\" srcset=\"https:\/\/grupos.eez.csic.es\/mae\/wp-content\/uploads\/2021\/10\/banner-mae-people.jpg 1400w, https:\/\/grupos.eez.csic.es\/mae\/wp-content\/uploads\/2021\/10\/banner-mae-people-300x64.jpg 300w, https:\/\/grupos.eez.csic.es\/mae\/wp-content\/uploads\/2021\/10\/banner-mae-people-1024x219.jpg 1024w, https:\/\/grupos.eez.csic.es\/mae\/wp-content\/uploads\/2021\/10\/banner-mae-people-768x165.jpg 768w\" sizes=\"(max-width: 1400px) 100vw, 1400px\" \/><div class=\"wp-block-cover__inner-container is-layout-flow wp-block-cover-is-layout-flow\">\n<p class=\"has-text-align-left\" style=\"font-size:60px\">Antonio Jos\u00e9 Fern\u00e1ndez Gonz\u00e1lez<\/p>\n<\/div><\/div>\n\n\n\n<div class=\"inherit-container-width wp-block-group alignfull has-background is-layout-constrained wp-block-group-is-layout-constrained\" style=\"background-color:#f2f0e9\"><div class=\"wp-block-group__inner-container\">\n<div style=\"height:70px\" aria-hidden=\"true\" class=\"wp-block-spacer\"><\/div>\n\n\n\n<h4 class=\"wp-block-heading\" id=\"postdoc-researcher\">Postdoc researcher<\/h4>\n\n\n\n<div class=\"wp-block-columns alignwide is-layout-flex wp-container-core-columns-is-layout-1 wp-block-columns-is-layout-flex\">\n<div class=\"wp-block-column is-layout-flow wp-block-column-is-layout-flow\">\n<div class=\"wp-block-image\"><figure class=\"aligncenter size-large\"><img loading=\"lazy\" decoding=\"async\" width=\"450\" height=\"450\" src=\"https:\/\/grupos.eez.csic.es\/mae\/wp-content\/uploads\/2021\/07\/antonio-jose-fernandez-gonzalez.png\" alt=\"\" class=\"wp-image-167\" srcset=\"https:\/\/grupos.eez.csic.es\/mae\/wp-content\/uploads\/2021\/07\/antonio-jose-fernandez-gonzalez.png 450w, https:\/\/grupos.eez.csic.es\/mae\/wp-content\/uploads\/2021\/07\/antonio-jose-fernandez-gonzalez-300x300.png 300w, https:\/\/grupos.eez.csic.es\/mae\/wp-content\/uploads\/2021\/07\/antonio-jose-fernandez-gonzalez-150x150.png 150w\" sizes=\"(max-width: 450px) 100vw, 450px\" \/><figcaption><strong>antonio.fernandez@eez.csic.es<\/strong><\/figcaption><\/figure><\/div>\n\n\n\n<p style=\"text-align: center;\"><a href=\"https:\/\/www.scopus.com\/authid\/detail.uri?authorId=55319364500\" target=\"_blank\" rel=\"noopener\"><img loading=\"lazy\" decoding=\"async\" class=\"alignnone wp-image-72 size-full\" src=\"https:\/\/grupos.eez.csic.es\/mae\/wp-content\/uploads\/2021\/06\/scopus_logo.png\" alt=\"\" width=\"50\" height=\"49\" \/><\/a> <a href=\"https:\/\/orcid.org\/0000-0002-8781-8133\" target=\"_blank\" rel=\"noopener\"><img loading=\"lazy\" decoding=\"async\" class=\"alignnone wp-image-71 size-full\" src=\"https:\/\/grupos.eez.csic.es\/mae\/wp-content\/uploads\/2021\/06\/orcid_logo.png\" alt=\"\" width=\"50\" height=\"50\" \/><\/a> <a href=\"https:\/\/scholar.google.es\/citations?view_op=list_works&amp;hl=es&amp;user=wFDjc78AAAAJ\" target=\"_blank\" rel=\"noopener\"><img loading=\"lazy\" decoding=\"async\" class=\"alignnone wp-image-70 size-full\" src=\"https:\/\/grupos.eez.csic.es\/mae\/wp-content\/uploads\/2021\/06\/google_scholar_logo.png\" alt=\"\" width=\"50\" height=\"50\" \/><\/a><\/p>\n<\/div>\n\n\n\n<div class=\"wp-block-column is-layout-flow wp-block-column-is-layout-flow\">\n<p>Graduate in Biology (2008) and with a Master\u2019s degree in Research and Advances in Microbiology (2009) by the University of Granada. He got the PhD in Microbiology (University of Granada and Zaid\u00edn Experimental Station \u2013 CSIC) in 2014 with International Doctorate Accreditation due to his stay in the Joint Genome Institute (JGI), located by that time in Walnut Creek (now in Berkeley), California (USA). During the <strong>predoctoral stage<\/strong>, his efforts were focused on managing a large volume of high-throughput sequencing (NGS) data to study the oak rhizosphere prokaryotic communities in the protected area of Sierra Nevada, Granada. Thanks to this, it was possible to isolate genus <em>Arthrobacter<\/em> strains capable of thriving in soils affected by forest fire and with potential features for promoting plant growth (PGPB).<\/p>\n\n\n\n<p><strong>His postdoctoral stage<\/strong> was carried out in France, where he studied wood degrading fungi, focusing his work on enzymes involved in the detoxification of acetonic wood extracts (highly antimicrobial and antifungal substances) released in the lignin degradation process. These activities led to the discovery of a new Glutathione transferase (GST) in <em>Phanerochaete<\/em> <em>chrysosporium<\/em> (the white-rot model fungus).<\/p>\n\n\n\n<p><\/p>\n\n\n\n<p><\/p>\n<\/div>\n\n\n\n<div class=\"wp-block-column is-layout-flow wp-block-column-is-layout-flow\">\n<p class=\"has-extra-small-font-size\"><strong>Currently<\/strong>, he is studying the belowground microbial communities (bacterial and fungal) of several cultivars of olive trees (<em>Olea europaea<\/em> L. subsp. <em>europaea<\/em> var. <em>europaea<\/em>). The main purpose of this study is to discover which microorganisms confer tolerance to a\/biotic stresses and particularly to Verticillium Wilt (<em>Verticillium<\/em> <em>dahliae<\/em> Kleb.) Recently, this allowed him to discover changes in the interactions of the belowground microbial communities through co-occurrence networks analysis after the inoculation of the phytopathogen <em>Verticillium dahliae<\/em> Kleb. in greenhouse conditions in both the sensitive (Picual) and resistant (Frantoio) cultivars most frequently used in these studies.<\/p>\n<\/div>\n<\/div>\n\n\n\n<div style=\"height:40px\" aria-hidden=\"true\" class=\"wp-block-spacer\"><\/div>\n<\/div><\/div>\n","protected":false},"excerpt":{"rendered":"<p>Postdoc researcher Graduate in Biology (2008) and with a Master\u2019s degree in Research and Advances in Microbiology (2009) by the University of Granada. He got the PhD in Microbiology (University of Granada and Zaid\u00edn Experimental Station \u2013 CSIC) in 2014 with International Doctorate Accreditation due to his stay in the Joint Genome Institute (JGI), located [&hellip;]<\/p>\n","protected":false},"author":1,"featured_media":0,"parent":0,"menu_order":0,"comment_status":"closed","ping_status":"closed","template":"","meta":{"_uag_custom_page_level_css":"","site-sidebar-layout":"no-sidebar","site-content-layout":"plain-container","ast-site-content-layout":"default","site-content-style":"default","site-sidebar-style":"default","ast-global-header-display":"","ast-banner-title-visibility":"","ast-main-header-display":"","ast-hfb-above-header-display":"","ast-hfb-below-header-display":"","ast-hfb-mobile-header-display":"","site-post-title":"disabled","ast-breadcrumbs-content":"","ast-featured-img":"","footer-sml-layout":"","ast-disable-related-posts":"","theme-transparent-header-meta":"default","adv-header-id-meta":"","stick-header-meta":"default","header-above-stick-meta":"","header-main-stick-meta":"","header-below-stick-meta":"","astra-migrate-meta-layouts":"default","ast-page-background-enabled":"default","ast-page-background-meta":{"desktop":{"background-color":"","background-image":"","background-repeat":"repeat","background-position":"center center","background-size":"auto","background-attachment":"scroll","background-type":"","background-media":"","overlay-type":"","overlay-color":"","overlay-opacity":"","overlay-gradient":""},"tablet":{"background-color":"","background-image":"","background-repeat":"repeat","background-position":"center center","background-size":"auto","background-attachment":"scroll","background-type":"","background-media":"","overlay-type":"","overlay-color":"","overlay-opacity":"","overlay-gradient":""},"mobile":{"background-color":"","background-image":"","background-repeat":"repeat","background-position":"center center","background-size":"auto","background-attachment":"scroll","background-type":"","background-media":"","overlay-type":"","overlay-color":"","overlay-opacity":"","overlay-gradient":""}},"ast-content-background-meta":{"desktop":{"background-color":"var(--ast-global-color-5)","background-image":"","background-repeat":"repeat","background-position":"center center","background-size":"auto","background-attachment":"scroll","background-type":"","background-media":"","overlay-type":"","overlay-color":"","overlay-opacity":"","overlay-gradient":""},"tablet":{"background-color":"var(--ast-global-color-5)","background-image":"","background-repeat":"repeat","background-position":"center center","background-size":"auto","background-attachment":"scroll","background-type":"","background-media":"","overlay-type":"","overlay-color":"","overlay-opacity":"","overlay-gradient":""},"mobile":{"background-color":"var(--ast-global-color-5)","background-image":"","background-repeat":"repeat","background-position":"center center","background-size":"auto","background-attachment":"scroll","background-type":"","background-media":"","overlay-type":"","overlay-color":"","overlay-opacity":"","overlay-gradient":""}},"footnotes":""},"uagb_featured_image_src":{"full":false,"thumbnail":false,"medium":false,"medium_large":false,"large":false,"1536x1536":false,"2048x2048":false},"uagb_author_info":{"display_name":"admin-mae","author_link":"https:\/\/grupos.eez.csic.es\/mae\/author\/admin-mae\/"},"uagb_comment_info":0,"uagb_excerpt":"Postdoc researcher Graduate in Biology (2008) and with a Master\u2019s degree in Research and Advances in Microbiology (2009) by the University of Granada. He got the PhD in Microbiology (University of Granada and Zaid\u00edn Experimental Station \u2013 CSIC) in 2014 with International Doctorate Accreditation due to his stay in the Joint Genome Institute (JGI), located&hellip;","_links":{"self":[{"href":"https:\/\/grupos.eez.csic.es\/mae\/wp-json\/wp\/v2\/pages\/98"}],"collection":[{"href":"https:\/\/grupos.eez.csic.es\/mae\/wp-json\/wp\/v2\/pages"}],"about":[{"href":"https:\/\/grupos.eez.csic.es\/mae\/wp-json\/wp\/v2\/types\/page"}],"author":[{"embeddable":true,"href":"https:\/\/grupos.eez.csic.es\/mae\/wp-json\/wp\/v2\/users\/1"}],"replies":[{"embeddable":true,"href":"https:\/\/grupos.eez.csic.es\/mae\/wp-json\/wp\/v2\/comments?post=98"}],"version-history":[{"count":9,"href":"https:\/\/grupos.eez.csic.es\/mae\/wp-json\/wp\/v2\/pages\/98\/revisions"}],"predecessor-version":[{"id":811,"href":"https:\/\/grupos.eez.csic.es\/mae\/wp-json\/wp\/v2\/pages\/98\/revisions\/811"}],"wp:attachment":[{"href":"https:\/\/grupos.eez.csic.es\/mae\/wp-json\/wp\/v2\/media?parent=98"}],"curies":[{"name":"wp","href":"https:\/\/api.w.org\/{rel}","templated":true}]}}