{"id":28,"date":"2021-04-05T12:47:44","date_gmt":"2021-04-05T10:47:44","guid":{"rendered":"https:\/\/www.mimoconsulting.com\/csic\/?page_id=28"},"modified":"2026-01-13T11:32:16","modified_gmt":"2026-01-13T10:32:16","slug":"colaboraciones","status":"publish","type":"page","link":"https:\/\/grupos.eez.csic.es\/mycostress\/colaboraciones\/","title":{"rendered":"Colaboraciones"},"content":{"rendered":"<p>[et_pb_section fb_built=\u00bb1&#8243; _builder_version=\u00bb4.9.4&#8243; _module_preset=\u00bbdefault\u00bb background_enable_color=\u00bboff\u00bb background_position=\u00bbbottom_center\u00bb bottom_divider_height=\u00bb25px\u00bb bottom_divider_flip=\u00bbhorizontal|vertical\u00bb border_width_top=\u00bb2px\u00bb border_color_top=\u00bb#f6be2e\u00bb locked=\u00bboff\u00bb][et_pb_row column_structure=\u00bb1_2,1_2&#8243; _builder_version=\u00bb4.9.4&#8243; _module_preset=\u00bbdefault\u00bb][et_pb_column type=\u00bb1_2&#8243; _builder_version=\u00bb4.9.3&#8243; _module_preset=\u00bbdefault\u00bb][et_pb_text _builder_version=\u00bb4.9.4&#8243; text_font=\u00bbOpen Sans||||||||\u00bb text_text_color=\u00bb#707070&#8243; link_font=\u00bb||||on||||\u00bb quote_font=\u00bb|600|on||||||\u00bb quote_font_size=\u00bb16px\u00bb quote_line_height=\u00bb1.4em\u00bb header_3_font=\u00bbOpen Sans|700|on||||||\u00bb header_3_text_align=\u00bbleft\u00bb header_3_text_color=\u00bb#00a052&#8243; header_3_font_size=\u00bb37px\u00bb header_3_line_height=\u00bb1.4em\u00bb header_4_font=\u00bbOpen Sans|600|on||||||\u00bb header_4_text_align=\u00bbleft\u00bb header_4_text_color=\u00bb#707070&#8243; header_4_line_height=\u00bb1.8em\u00bb custom_margin=\u00bb||16px|||\u00bb animation_style=\u00bbslide\u00bb animation_direction=\u00bbleft\u00bb animation_intensity_slide=\u00bb9%\u00bb header_3_text_align_tablet=\u00bbleft\u00bb header_3_text_align_phone=\u00bbleft\u00bb header_3_text_align_last_edited=\u00bbon|desktop\u00bb header_4_text_align_tablet=\u00bbleft\u00bb header_4_text_align_phone=\u00bb\u00bb header_4_text_align_last_edited=\u00bbon|tablet\u00bb locked=\u00bboff\u00bb]<\/p>\n<h3>Colaboraciones<\/h3>\n<p>Colaboramos con otros grupos de investigaci\u00f3n y con empresas del sector agroalimentario. Somos responsables de la Unidad Asociada EEZ-UJI con el grupo de <a href=\"https:\/\/nitropriming.wordpress.com\/\" target=\"_blank\" rel=\"noopener\"><strong>Se\u00f1alizaci\u00f3n Celular e Integraci\u00f3n Metab\u00f3lica<\/strong><\/a> de la Universidad Jaume I (UJI) de Castell\u00f3n, dirigido por el <strong>Dr. Victor Flors (<\/strong>y con el grupo del<strong> Dr. Salvador Herrero<\/strong> del grupo de <a href=\"http:\/\/cbp.uv.es\/\" target=\"_blank\" rel=\"noopener\"><strong>Control Biotecnol\u00f3gico de Plagas<\/strong><\/a> de la Universidad de Valencia (UV).<\/p>\n<p>Tambi\u00e9n somos responsables de la Unidad Asociada EEZ-UCA con el grupo de <a href=\"https:\/\/fqm286.uca.es\/\" target=\"_blank\" rel=\"noopener\"><strong>Alelopat\u00eda en Plantas Superiores y Microorganismos<\/strong><\/a> de la Universidad de C\u00e1diz, dirigido por los <strong>Dres. Francisco Antonio Mac\u00edas y Jos\u00e9 M\u00aa Gonz\u00e1lez Molinillo, <span style=\"color: #1bb500;\">&#8216;Comunicaci\u00f3n qu\u00edmica en la rizosfera&#8217;<\/span><\/strong>.<\/p>\n<p>[\/et_pb_text][\/et_pb_column][et_pb_column type=\u00bb1_2&#8243; _builder_version=\u00bb4.9.4&#8243; _module_preset=\u00bbdefault\u00bb][et_pb_image src=\u00bbhttps:\/\/grupos.eez.csic.es\/mycostress\/wp-content\/uploads\/2021\/05\/COST_FA1405_10570-1.jpg\u00bb title_text=\u00bbCOST_FA1405_10570&#8243; _builder_version=\u00bb4.9.4&#8243; _module_preset=\u00bbdefault\u00bb animation_style=\u00bbslide\u00bb animation_direction=\u00bbright\u00bb animation_intensity_slide=\u00bb24%\u00bb][\/et_pb_image][\/et_pb_column][\/et_pb_row][\/et_pb_section][et_pb_section fb_built=\u00bb1&#8243; _builder_version=\u00bb4.9.4&#8243; _module_preset=\u00bbdefault\u00bb use_background_color_gradient=\u00bbon\u00bb background_color_gradient_start=\u00bbrgba(244,197,78,0.48)\u00bb background_color_gradient_end=\u00bbrgba(255,252,153,0.24)\u00bb background_image=\u00bbhttps:\/\/grupos.eez.csic.es\/mycostress\/wp-content\/uploads\/2021\/05\/international-background.jpg\u00bb background_blend=\u00bbluminosity\u00bb custom_padding=\u00bb||26px|||\u00bb][et_pb_row column_structure=\u00bb1_3,1_3,1_3&#8243; _builder_version=\u00bb4.9.4&#8243; _module_preset=\u00bbdefault\u00bb custom_padding=\u00bb30px|30px|30px|30px|false|false\u00bb][et_pb_column type=\u00bb1_3&#8243; _builder_version=\u00bb4.9.4&#8243; _module_preset=\u00bbdefault\u00bb animation_style=\u00bbslide\u00bb animation_direction=\u00bbbottom\u00bb animation_intensity_slide=\u00bb3%\u00bb][et_pb_text _builder_version=\u00bb4.9.4&#8243; text_font=\u00bbOpen Sans||||||||\u00bb text_text_color=\u00bb#707070&#8243; text_font_size=\u00bb12px\u00bb link_font=\u00bb||||on|||#4fb77c|\u00bb link_text_color=\u00bb#4fb77c\u00bb link_font_size=\u00bb12px\u00bb header_2_font=\u00bbOpen Sans|800|||||||\u00bb header_2_text_color=\u00bb#FFFFFF\u00bb header_2_font_size=\u00bb52px\u00bb header_3_font=\u00bbOpen Sans||on||||||\u00bb header_3_text_align=\u00bbleft\u00bb header_3_text_color=\u00bb#707070&#8243; header_3_font_size=\u00bb21px\u00bb header_4_font=\u00bbOpen Sans||||||||\u00bb header_4_text_color=\u00bb#707070&#8243; header_4_line_height=\u00bb1.3em\u00bb custom_padding=\u00bb|||10px|false|false\u00bb header_2_text_shadow_style=\u00bbpreset3&#8243; locked=\u00bboff\u00bb]<\/p>\n<h3>Proyectos Nacionales<\/h3>\n<h5><strong><a href=\"https:\/\/grupos.eez.csic.es\/mycostressmyr-to-pest\/\">\u201cMIRtoPest: Resistencia Inducida por Micorrizas: Conectando aspectos b\u00e1sicos con aplicaciones\u201d (EEZ-CSIC, UJI, UVA).<\/a><\/strong><\/h5>\n<p>RTI2018-094350-B-C3 financiado por el Ministerio de Ciencia, Innovaci\u00f3n y Universidades (2019-2021).<\/p>\n<p>[\/et_pb_text][et_pb_text _builder_version=\u00bb4.9.6&#8243; text_font=\u00bbOpen Sans||||||||\u00bb text_text_color=\u00bb#707070&#8243; text_font_size=\u00bb12px\u00bb link_font=\u00bb||||on|||#4fb77c|\u00bb link_text_color=\u00bb#4fb77c\u00bb link_font_size=\u00bb12px\u00bb header_2_font=\u00bbOpen Sans|800|||||||\u00bb header_2_text_color=\u00bb#FFFFFF\u00bb header_2_font_size=\u00bb52px\u00bb header_3_font=\u00bbOpen Sans||on||||||\u00bb header_3_text_align=\u00bbleft\u00bb header_3_text_color=\u00bb#707070&#8243; header_3_font_size=\u00bb21px\u00bb header_4_font=\u00bbOpen Sans||||||||\u00bb header_4_text_color=\u00bb#707070&#8243; header_4_line_height=\u00bb1.3em\u00bb custom_padding=\u00bb|||10px|false|false\u00bb link_option_url=\u00bbhttp:\/\/departamento.us.es\/dgenetica\/CaRed\/Home.html\u00bb link_option_url_new_window=\u00bbon\u00bb header_2_text_shadow_style=\u00bbpreset3&#8243; locked=\u00bboff\u00bb]<\/p>\n<h3>Redes Nacionales<\/h3>\n<ul>\n<li><strong><a href=\"https:\/\/grupos.eez.csic.es\/mycostress\/wp-content\/uploads\/2021\/05\/red.pdf\" target=\"_blank\" rel=\"noopener\">Red de Investigaci\u00f3n<\/a> <\/strong>\u201cAprendiendo de la naturaleza: interacciones multitr\u00f3ficas para la protecci\u00f3n de cultivos y bosques\u201d. RED2018-102407-T financiada por el Ministerio de Ciencia, Innovaci\u00f3n y Universidades (2020-2021).<\/li>\n<li><a href=\"https:\/\/cared.cragenomica.es\/\" target=\"_blank\" rel=\"noopener\"><strong>Red Espa\u00f1ola de Carotenoides (CaRed)<\/strong><\/a>. RED2022-134577-T financiada por el Ministerio de Ciencia e Innovaci\u00f3n (2023-2025).<\/li>\n<\/ul>\n<p>[\/et_pb_text][\/et_pb_column][et_pb_column type=\u00bb1_3&#8243; _builder_version=\u00bb4.9.4&#8243; _module_preset=\u00bbdefault\u00bb animation_style=\u00bbslide\u00bb animation_direction=\u00bbbottom\u00bb animation_delay=\u00bb100ms\u00bb animation_intensity_slide=\u00bb3%\u00bb][et_pb_text _builder_version=\u00bb4.9.4&#8243; text_font=\u00bbOpen Sans||||||||\u00bb text_text_color=\u00bb#707070&#8243; text_font_size=\u00bb12px\u00bb link_font=\u00bb||||on|||#4fb77c|\u00bb link_text_color=\u00bb#4fb77c\u00bb link_font_size=\u00bb12px\u00bb header_2_font=\u00bbOpen Sans|800|||||||\u00bb header_2_text_color=\u00bb#FFFFFF\u00bb header_2_font_size=\u00bb52px\u00bb header_3_font=\u00bbOpen Sans||on||||||\u00bb header_3_text_align=\u00bbleft\u00bb header_3_text_color=\u00bb#707070&#8243; header_3_font_size=\u00bb21px\u00bb header_4_font=\u00bbOpen Sans||||||||\u00bb header_4_text_color=\u00bb#707070&#8243; header_4_line_height=\u00bb1.3em\u00bb custom_padding=\u00bb|||10px|false|false\u00bb header_2_text_shadow_style=\u00bbpreset3&#8243; locked=\u00bboff\u00bb]<\/p>\n<h3>Proyectos Internacionales<\/h3>\n<ul>\n<li><strong><a href=\"https:\/\/mira.ku.dk\/\" target=\"_blank\" rel=\"noopener\">H2020 MSCF Innovative Training Network Marie Curie \u201cMiRA\u201d Microbe Induced Resistance to Agricultural pests (2018-2021)<\/a><\/strong><\/li>\n<li>University of Copenhagen, Denmark,<\/li>\n<li>CSIC, Spain,<\/li>\n<li>Netherlands Institute of Ecology, Netherlands<\/li>\n<li>INOQ GmbH, Germany<\/li>\n<li>Koppert Biological Systems, Netherlands<\/li>\n<li>James Hutton Institute, United Kingdom<\/li>\n<li>Utrecht University, Netherlands<\/li>\n<li>CNRS, France<\/li>\n<li>University of Neuch\u00e2tel, Switzerland<\/li>\n<li>IDiv, Germany<\/li>\n<li>University of Bonn, Germany<\/li>\n<\/ul>\n<p>[\/et_pb_text][\/et_pb_column][et_pb_column type=\u00bb1_3&#8243; _builder_version=\u00bb4.9.4&#8243; _module_preset=\u00bbdefault\u00bb animation_style=\u00bbslide\u00bb animation_direction=\u00bbbottom\u00bb animation_delay=\u00bb200ms\u00bb animation_intensity_slide=\u00bb3%\u00bb][et_pb_text _builder_version=\u00bb4.9.4&#8243; text_font=\u00bbOpen Sans||||||||\u00bb text_text_color=\u00bb#707070&#8243; text_font_size=\u00bb12px\u00bb link_font=\u00bb||||on|||#4fb77c|\u00bb link_text_color=\u00bb#4fb77c\u00bb link_font_size=\u00bb12px\u00bb header_2_font=\u00bbOpen Sans|800|||||||\u00bb header_2_text_color=\u00bb#FFFFFF\u00bb header_2_font_size=\u00bb52px\u00bb header_3_font=\u00bbOpen Sans||on||||||\u00bb header_3_text_align=\u00bbleft\u00bb header_3_text_color=\u00bb#707070&#8243; header_3_font_size=\u00bb21px\u00bb header_4_font=\u00bbOpen Sans||||||||\u00bb header_4_text_color=\u00bb#707070&#8243; header_4_line_height=\u00bb1.3em\u00bb custom_padding=\u00bb|||10px|false|false\u00bb header_2_text_shadow_style=\u00bbpreset3&#8243; locked=\u00bboff\u00bb]<\/p>\n<h3>Redes Internacionales<\/h3>\n<h4><\/h4>\n<h4><strong><a href=\"https:\/\/www.cost-camo.eu\/\" target=\"_blank\" rel=\"noopener\">ROOT-BENEFIT<\/a><\/strong><\/h4>\n<p><strong>ROOT-BENEFIT: Beneficial root-associated microorganisms for sustainable agriculture<\/strong><br \/>COST Action CA22142. EU Framework Programme Horizon 2020. 2023-2027<\/p>\n<h4><strong><a href=\"https:\/\/www.cost-camo.eu\/\" target=\"_blank\" rel=\"noopener\">CaMO<\/a><\/strong><\/h4>\n<p>CAMO: Crop-Arthropod-Microorganism (CAMo) interactions<br \/>COST Action FA1405. EU Framework Programme Horizon 2020. 2017-2020<\/p>\n<p>\u00a0<strong><a href=\"https:\/\/www.cost.eu\/actions\/FA1206\/#tabs|Name:overview\" target=\"_blank\" rel=\"noopener\">STREAM<\/a><\/strong><\/p>\n<p><strong>STREAM: &#8216;Strigolactones: biological roles and applications&#8217;<\/strong><br \/>COST Action FA1206. EU Framework Programme Horizon 2020. 2013-2017<\/p>\n<p>[\/et_pb_text][\/et_pb_column][\/et_pb_row][et_pb_row _builder_version=\u00bb4.9.3&#8243; _module_preset=\u00bbdefault\u00bb custom_padding=\u00bb23px||28px|||\u00bb locked=\u00bboff\u00bb][et_pb_column type=\u00bb4_4&#8243; _builder_version=\u00bb4.9.3&#8243; _module_preset=\u00bbdefault\u00bb animation_style=\u00bbfade\u00bb][et_pb_text _builder_version=\u00bb4.9.4&#8243; text_font=\u00bbOpen Sans||||||||\u00bb text_text_color=\u00bb#707070&#8243; header_2_font=\u00bbOpen Sans|800|||||||\u00bb header_2_text_color=\u00bb#FFFFFF\u00bb header_2_font_size=\u00bb52px\u00bb header_3_font=\u00bbOpen Sans||on||||||\u00bb header_3_text_align=\u00bbcenter\u00bb header_3_text_color=\u00bb#707070&#8243; header_3_font_size=\u00bb21px\u00bb header_4_font=\u00bbOpen Sans||||||||\u00bb header_4_text_color=\u00bb#707070&#8243; header_4_line_height=\u00bb1.3em\u00bb header_2_text_shadow_style=\u00bbpreset3&#8243; locked=\u00bboff\u00bb]<\/p>\n<h3>Colaboraciones<\/h3>\n<p>[\/et_pb_text][et_pb_text _builder_version=\u00bb4.9.4&#8243; text_font=\u00bbOpen Sans||||||||\u00bb text_text_color=\u00bb#707070&#8243; header_2_font=\u00bbOpen Sans|800|||||||\u00bb header_2_text_align=\u00bbcenter\u00bb header_2_text_color=\u00bb#707070&#8243; header_2_font_size=\u00bb32px\u00bb header_3_font=\u00bbOpen Sans|700|on||||||\u00bb header_3_text_color=\u00bb#FFFFFF\u00bb header_3_font_size=\u00bb37px\u00bb header_4_font=\u00bbOpen Sans||||||||\u00bb header_4_text_color=\u00bb#707070&#8243; header_4_line_height=\u00bb1.3em\u00bb custom_margin=\u00bb-40px||||false|false\u00bb header_3_text_shadow_style=\u00bbpreset3&#8243; border_width_bottom=\u00bb2px\u00bb border_color_bottom=\u00bb#00a052&#8243; border_style_bottom=\u00bbdotted\u00bb box_shadow_style=\u00bbpreset3&#8243; box_shadow_color=\u00bbrgba(0,0,0,0.12)\u00bb locked=\u00bboff\u00bb]<\/p>\n<h2>CON EMPRESAS<\/h2>\n<p>[\/et_pb_text][\/et_pb_column][\/et_pb_row][et_pb_row column_structure=\u00bb1_4,1_4,1_4,1_4&#8243; _builder_version=\u00bb4.9.6&#8243; _module_preset=\u00bbdefault\u00bb custom_margin=\u00bb13px|auto||auto||\u00bb custom_margin_tablet=\u00bb\u00bb custom_margin_phone=\u00bb|auto||auto|false|false\u00bb custom_margin_last_edited=\u00bbon|phone\u00bb custom_padding=\u00bb40px|||||\u00bb animation_style=\u00bbslide\u00bb animation_direction=\u00bbbottom\u00bb animation_duration=\u00bb750ms\u00bb animation_intensity_slide=\u00bb22%\u00bb][et_pb_column type=\u00bb1_4&#8243; _builder_version=\u00bb4.9.6&#8243; _module_preset=\u00bbdefault\u00bb][et_pb_image src=\u00bbhttps:\/\/grupos.eez.csic.es\/mycostress\/wp-content\/uploads\/2024\/04\/Logo-hortoventas.png\u00bb title_text=\u00bbLogo hortoventas\u00bb _builder_version=\u00bb4.9.6&#8243; _module_preset=\u00bbdefault\u00bb width_tablet=\u00bb\u00bb width_phone=\u00bb85%\u00bb width_last_edited=\u00bbon|phone\u00bb module_alignment=\u00bbcenter\u00bb custom_margin=\u00bb-32px||||false|false\u00bb custom_margin_tablet=\u00bb\u00bb custom_margin_phone=\u00bb-16px||||false|false\u00bb custom_margin_last_edited=\u00bbon|phone\u00bb][\/et_pb_image][\/et_pb_column][et_pb_column type=\u00bb1_4&#8243; _builder_version=\u00bb4.9.6&#8243; _module_preset=\u00bbdefault\u00bb][et_pb_image src=\u00bbhttps:\/\/grupos.eez.csic.es\/mycostress\/wp-content\/uploads\/2026\/01\/Logo-La-Palma.png\u00bb title_text=\u00bbLogo La Palma\u00bb align=\u00bbcenter\u00bb _builder_version=\u00bb4.9.6&#8243; _module_preset=\u00bbdefault\u00bb width=\u00bb50%\u00bb width_tablet=\u00bb\u00bb width_phone=\u00bb43%\u00bb width_last_edited=\u00bbon|phone\u00bb custom_margin=\u00bb-42px||||false|false\u00bb custom_margin_tablet=\u00bb\u00bb custom_margin_phone=\u00bb2px||||false|false\u00bb custom_margin_last_edited=\u00bbon|desktop\u00bb][\/et_pb_image][\/et_pb_column][et_pb_column type=\u00bb1_4&#8243; _builder_version=\u00bb4.9.6&#8243; _module_preset=\u00bbdefault\u00bb][et_pb_image src=\u00bbhttps:\/\/grupos.eez.csic.es\/mycostress\/wp-content\/uploads\/2026\/01\/Reka_logo.png\u00bb title_text=\u00bbReka_logo\u00bb _builder_version=\u00bb4.9.6&#8243; _module_preset=\u00bbdefault\u00bb width_tablet=\u00bb\u00bb width_phone=\u00bb85%\u00bb width_last_edited=\u00bbon|phone\u00bb module_alignment=\u00bbcenter\u00bb custom_margin=\u00bb-32px|23px|-3px||false|false\u00bb custom_margin_tablet=\u00bb\u00bb custom_margin_phone=\u00bb-16px||||false|false\u00bb custom_margin_last_edited=\u00bbon|phone\u00bb custom_padding=\u00bb|53px||||\u00bb][\/et_pb_image][\/et_pb_column][et_pb_column type=\u00bb1_4&#8243; _builder_version=\u00bb4.9.6&#8243; _module_preset=\u00bbdefault\u00bb][et_pb_image src=\u00bbhttps:\/\/grupos.eez.csic.es\/mycostress\/wp-content\/uploads\/2021\/05\/logo.png\u00bb title_text=\u00bblogo\u00bb _builder_version=\u00bb4.9.6&#8243; _module_preset=\u00bbdefault\u00bb width_tablet=\u00bb\u00bb width_phone=\u00bb85%\u00bb width_last_edited=\u00bbon|phone\u00bb module_alignment=\u00bbcenter\u00bb custom_margin=\u00bb-32px|23px|-3px||false|false\u00bb custom_margin_tablet=\u00bb\u00bb custom_margin_phone=\u00bb-16px||||false|false\u00bb custom_margin_last_edited=\u00bbon|phone\u00bb custom_padding=\u00bb|53px||||\u00bb][\/et_pb_image][\/et_pb_column][\/et_pb_row][\/et_pb_section]<\/p>\n","protected":false},"excerpt":{"rendered":"<p>[et_pb_section fb_built=\u00bb1&#8243; _builder_version=\u00bb4.9.4&#8243; _module_preset=\u00bbdefault\u00bb background_enable_color=\u00bboff\u00bb background_position=\u00bbbottom_center\u00bb bottom_divider_height=\u00bb25px\u00bb bottom_divider_flip=\u00bbhorizontal|vertical\u00bb border_width_top=\u00bb2px\u00bb border_color_top=\u00bb#f6be2e\u00bb locked=\u00bboff\u00bb][et_pb_row column_structure=\u00bb1_2,1_2&#8243; _builder_version=\u00bb4.9.4&#8243; _module_preset=\u00bbdefault\u00bb][et_pb_column type=\u00bb1_2&#8243; _builder_version=\u00bb4.9.3&#8243; _module_preset=\u00bbdefault\u00bb][et_pb_text _builder_version=\u00bb4.9.4&#8243; text_font=\u00bbOpen Sans||||||||\u00bb text_text_color=\u00bb#707070&#8243; link_font=\u00bb||||on||||\u00bb quote_font=\u00bb|600|on||||||\u00bb quote_font_size=\u00bb16px\u00bb quote_line_height=\u00bb1.4em\u00bb header_3_font=\u00bbOpen Sans|700|on||||||\u00bb header_3_text_align=\u00bbleft\u00bb header_3_text_color=\u00bb#00a052&#8243; header_3_font_size=\u00bb37px\u00bb header_3_line_height=\u00bb1.4em\u00bb header_4_font=\u00bbOpen Sans|600|on||||||\u00bb header_4_text_align=\u00bbleft\u00bb header_4_text_color=\u00bb#707070&#8243; header_4_line_height=\u00bb1.8em\u00bb custom_margin=\u00bb||16px|||\u00bb animation_style=\u00bbslide\u00bb animation_direction=\u00bbleft\u00bb animation_intensity_slide=\u00bb9%\u00bb header_3_text_align_tablet=\u00bbleft\u00bb header_3_text_align_phone=\u00bbleft\u00bb header_3_text_align_last_edited=\u00bbon|desktop\u00bb header_4_text_align_tablet=\u00bbleft\u00bb header_4_text_align_phone=\u00bb\u00bb header_4_text_align_last_edited=\u00bbon|tablet\u00bb locked=\u00bboff\u00bb] Colaboraciones Colaboramos con otros grupos de investigaci\u00f3n y [&hellip;]<\/p>\n","protected":false},"author":1,"featured_media":0,"parent":0,"menu_order":0,"comment_status":"closed","ping_status":"closed","template":"","meta":{"_et_pb_use_builder":"on","_et_pb_old_content":"<!-- wp:divi\/placeholder \/-->","_et_gb_content_width":""},"_links":{"self":[{"href":"https:\/\/grupos.eez.csic.es\/mycostress\/wp-json\/wp\/v2\/pages\/28"}],"collection":[{"href":"https:\/\/grupos.eez.csic.es\/mycostress\/wp-json\/wp\/v2\/pages"}],"about":[{"href":"https:\/\/grupos.eez.csic.es\/mycostress\/wp-json\/wp\/v2\/types\/page"}],"author":[{"embeddable":true,"href":"https:\/\/grupos.eez.csic.es\/mycostress\/wp-json\/wp\/v2\/users\/1"}],"replies":[{"embeddable":true,"href":"https:\/\/grupos.eez.csic.es\/mycostress\/wp-json\/wp\/v2\/comments?post=28"}],"version-history":[{"count":46,"href":"https:\/\/grupos.eez.csic.es\/mycostress\/wp-json\/wp\/v2\/pages\/28\/revisions"}],"predecessor-version":[{"id":2759,"href":"https:\/\/grupos.eez.csic.es\/mycostress\/wp-json\/wp\/v2\/pages\/28\/revisions\/2759"}],"wp:attachment":[{"href":"https:\/\/grupos.eez.csic.es\/mycostress\/wp-json\/wp\/v2\/media?parent=28"}],"curies":[{"name":"wp","href":"https:\/\/api.w.org\/{rel}","templated":true}]}}