{"id":491,"date":"2021-04-09T12:36:01","date_gmt":"2021-04-09T10:36:01","guid":{"rendered":"https:\/\/www.mimoconsulting.com\/csic\/?page_id=491"},"modified":"2021-10-21T13:18:12","modified_gmt":"2021-10-21T11:18:12","slug":"curriculum-maria","status":"publish","type":"page","link":"https:\/\/grupos.eez.csic.es\/mycostress\/curriculum-maria\/","title":{"rendered":"Curriculum Maria"},"content":{"rendered":"<p>[et_pb_section fb_built=\u00bb1&#8243; _builder_version=\u00bb4.9.3&#8243; _module_preset=\u00bbdefault\u00bb][et_pb_row column_structure=\u00bb2_3,1_3&#8243; _builder_version=\u00bb4.9.4&#8243; _module_preset=\u00bbdefault\u00bb][et_pb_column type=\u00bb2_3&#8243; _builder_version=\u00bb4.9.3&#8243; _module_preset=\u00bbdefault\u00bb][et_pb_text _builder_version=\u00bb4.9.4&#8243; _module_preset=\u00bbdefault\u00bb text_font=\u00bbOpen Sans||||||||\u00bb text_font_size=\u00bb12px\u00bb text_line_height=\u00bb1.5em\u00bb header_3_font=\u00bbOpen Sans||||||||\u00bb header_3_text_color=\u00bb#e64415&#8243; header_3_font_size=\u00bb20px\u00bb]<\/p>\n<h4><strong>FORMACI\u00d3N ACAD\u00c9MICA<\/strong><\/h4>\n<p><strong>1999<span>\u00a0<\/span><\/strong><strong>Ph.D. in Biology<\/strong><\/p>\n<p><em>\u201ccum laude\u201d<span>\u00a0<\/span><\/em>mention, PhD Extraordinary Award. Universidad de Granada, Granada , Spain<\/p>\n<p><strong>1996 Diploma in Soil Sciences and Plant Physiology.\u00a0<\/strong>UNESCO\/Universidad de Granada\/CSIC, Granada, Spain<\/p>\n<p><strong>1995 European Certificate of Attainment in Modern Languages (English).<span>\u00a0<\/span><\/strong>London University<\/p>\n<p><strong>1994 Degree in Biology,\u00a0<\/strong>Universidad de Granada, Granada , Spain<\/p>\n<p>&nbsp;<\/p>\n<h4><strong>EXPERIENCIA<\/strong><\/h4>\n<p><strong>Tenured Scientist.<span>\u00a0<\/span><\/strong>June 2007-present. Dept. Soil Microbiology and Symbiotic Systems, Estacion Experimental del Zaidin, CSIC, Granada,<span>\u00a0<\/span><strong>Spain<\/strong><strong><\/strong><\/p>\n<p><strong><\/strong><strong>Research Associate.<span>\u00a0<\/span><\/strong>Jan 2005-Dec 2009. Ram\u00f3n y Cajal Program, Spanish Ministery of Science and Education. Dept. Soil Microbiology and Symbiotic Systems, Estacion Experimental del Zaidin, CSIC, Granada,<span>\u00a0<\/span><strong>Spain<span>\u00a0<\/span><\/strong>.<strong><\/strong><\/p>\n<p><strong>Marie Curie Individual Post-Doctoral Fellow<span>\u00a0<\/span><\/strong>(category 30). Jan 2003- Dec 2004. Dept. of Plant Biology, Section Phytopathology, Universiteit Utrecht, Utrecht ,<span>\u00a0<\/span><strong>The Netherlands .<\/strong><\/p>\n<p><strong>Post-Doctoral Researcher.<span>\u00a0<\/span><\/strong>Jan. 2001- Dec. 2002. Department of Plant Pathology and Microbiology Texas A&amp;M University, College Station, Texas,<span>\u00a0<\/span><strong>USA<span>\u00a0<\/span><\/strong><strong>.<\/strong><\/p>\n<p><strong>Post-Doctoral researcher.<span>\u00a0<\/span><\/strong>Nov. 1999 -Oct. 2000. C.S.I.C. fellowship. Department of Soil Microbiology and Symbiotic Systems, Estaci\u00f3n Experimental del Zaid\u00edn<span>\u00a0<\/span><strong>CSIC<\/strong>, Granada,<span>\u00a0<\/span><strong>Spain<\/strong><strong>.<\/strong><\/p>\n<p><strong>Ph.D. student.<span>\u00a0<\/span><\/strong>Nov. 1994 -July 1999 European Union \/ C.S.I.C. fellowship. Department of Soil Microbiology and Symbiotic Systems, Estaci\u00f3n Experimental del Zaid\u00edn<span>\u00a0<\/span><strong>CSIC,<span>\u00a0<\/span><\/strong>Granada,<span>\u00a0<\/span><strong>Spain<span>\u00a0<\/span><\/strong>.<\/p>\n<p><strong>Research collaboration.<span>\u00a0<\/span><\/strong>Oct. 1997 &#8211; Dec. 1997 Spanish Ministery of Science and Education Fellowship. Laboratoire de Phytoparasitologie, INRA,<span>\u00a0<\/span><strong>CNRS,<span>\u00a0<\/span><\/strong>Dijon,<span>\u00a0<\/span><strong>France<\/strong>.<\/p>\n<p><strong>Visiting researcher.<span>\u00a0<\/span><\/strong>Aug. 1996 &#8211; Oct. 1996 Spanish Agency for International Cooperation (AECI) fellowship. Agriculture Parasitology Department.<span>\u00a0<\/span><strong>Universidad Aut\u00f3noma de Chapingo<span>\u00a0<\/span><\/strong>, Texcoco,<span>\u00a0<\/span><strong>Mexico<\/strong>.<\/p>\n<p><strong>Training period.<span>\u00a0<\/span><\/strong>Feb. 1995 &#8211; Apr. 1995 European Union fellowship. Laboratoire de Phytoparasitologie, INRA<span>\u00a0<\/span><strong>CNRS,<span>\u00a0<\/span><\/strong>Dijon,<span>\u00a0<\/span><strong>France<\/strong>.<\/p>\n<p>[\/et_pb_text][et_pb_button button_url=\u00bbhttps:\/\/grupos.eez.csic.es\/mycostress\/wp-content\/uploads\/2021\/05\/CVA-Espanol_2020-MJP.doc\u00bb url_new_window=\u00bbon\u00bb button_text=\u00bbAMPLIAR CURRICULUM\u00bb _builder_version=\u00bb4.9.4&#8243; _module_preset=\u00bbdefault\u00bb custom_button=\u00bbon\u00bb button_text_size=\u00bb15px\u00bb button_text_color=\u00bb#FFFFFF\u00bb button_bg_color=\u00bb#4fb77c\u00bb button_border_radius=\u00bb7px\u00bb button_font=\u00bbOpen Sans||||||||\u00bb button_icon=\u00bb%%71%%\u00bb button_on_hover=\u00bboff\u00bb animation_style=\u00bbslide\u00bb animation_direction=\u00bbtop\u00bb animation_intensity_slide=\u00bb30%\u00bb locked=\u00bboff\u00bb][\/et_pb_button][et_pb_text _builder_version=\u00bb4.9.4&#8243; _module_preset=\u00bbdefault\u00bb text_font=\u00bbOpen Sans|||||on|||\u00bb text_font_size=\u00bb13px\u00bb text_line_height=\u00bb1.5em\u00bb header_3_font=\u00bbOpen Sans||||||||\u00bb header_3_text_color=\u00bb#e64415&#8243; header_3_font_size=\u00bb20px\u00bb custom_margin=\u00bb-25px||||false|false\u00bb custom_margin_tablet=\u00bb\u00bb custom_margin_phone=\u00bb\u00bb custom_margin_last_edited=\u00bbon|phone\u00bb locked=\u00bboff\u00bb]<\/p>\n<p>para m\u00e1s informaci\u00f3n puede descargar este curriculum en formato word (.doc)<\/p>\n<p>[\/et_pb_text][\/et_pb_column][et_pb_column type=\u00bb1_3&#8243; _builder_version=\u00bb4.9.3&#8243; _module_preset=\u00bbdefault\u00bb][et_pb_team_member name=\u00bbMaria J. Pozo\u00bb position=\u00bb@ET-DC@eyJkeW5hbWljIjp0cnVlLCJjb250ZW50IjoicG9zdF9tZXRhX2tleSIsInNldHRpbmdzIjp7ImJlZm9yZSI6IlRlbnVyZWQgU2NpZW50aXN0IHwiLCJhZnRlciI6IjxhIGhyZWY9XCJtYWlsdG86bWpwb3pvQGVlei5jc2ljLmVzXCI+IDxzdHJvbmc+bWpwb3pvQGVlei5jc2ljLmVzPC9zdHJvbmc+PC9hPiIsIm1ldGFfa2V5IjoiIiwiZW5hYmxlX2h0bWwiOiJvbiJ9fQ==@\u00bb image_url=\u00bbhttps:\/\/grupos.eez.csic.es\/mycostress\/wp-content\/uploads\/2021\/04\/Rocio_CSIC_EZZ.png\u00bb linkedin_url=\u00bb@ET-DC@eyJkeW5hbWljIjp0cnVlLCJjb250ZW50IjoicG9zdF9tZXRhX2tleSIsInNldHRpbmdzIjp7ImJlZm9yZSI6IiIsImFmdGVyIjoiIiwibWV0YV9rZXkiOiIiLCJlbmFibGVfaHRtbCI6Im9mZiJ9fQ==@\u00bb icon_color=\u00bb#000000&#8243; use_icon_font_size=\u00bbon\u00bb _builder_version=\u00bb4.9.4&#8243; _dynamic_attributes=\u00bblinkedin_url,position\u00bb _module_preset=\u00bbdefault\u00bb header_font=\u00bbOpen Sans||||||||\u00bb header_text_color=\u00bb#e64415&#8243; header_font_size=\u00bb23px\u00bb body_font=\u00bbOpen Sans||||||||\u00bb body_text_color=\u00bb#707070&#8243; body_font_size=\u00bb12px\u00bb position_font=\u00bbOpen Sans||||||||\u00bb position_font_size=\u00bb15px\u00bb position_line_height=\u00bb1.8em\u00bb text_orientation=\u00bbleft\u00bb width=\u00bb100%\u00bb animation_style=\u00bbslide\u00bb animation_direction=\u00bbright\u00bb animation_duration=\u00bb1050ms\u00bb animation_intensity_slide=\u00bb30%\u00bb border_radii_image=\u00bbon|10px|10px|10px|10px\u00bb]<\/p>\n<p>Cient\u00edfico titular en la Estaci\u00f3n Experimental del Zaid\u00edn del Consejo Superior de Investigaciones Cient\u00edficas (CSIC, el Consejo Nacional de Investigaci\u00f3n Espa\u00f1ol) en Granada, Espa\u00f1a. Estamos interesados \u200b\u200ben c\u00f3mo los hongos beneficiosos del suelo, <strong>y en particular los hongos micorr\u00edcicos arbusculares (AM), estimulan la inmunidad<\/strong> de las plantas e impactan las interacciones de las plantas con m\u00faltiples organismos.<\/p>\n<p>[\/et_pb_team_member][\/et_pb_column][\/et_pb_row][\/et_pb_section]<\/p>\n","protected":false},"excerpt":{"rendered":"<p>[et_pb_section fb_built=\u00bb1&#8243; _builder_version=\u00bb4.9.3&#8243; _module_preset=\u00bbdefault\u00bb][et_pb_row column_structure=\u00bb2_3,1_3&#8243; _builder_version=\u00bb4.9.4&#8243; _module_preset=\u00bbdefault\u00bb][et_pb_column type=\u00bb2_3&#8243; _builder_version=\u00bb4.9.3&#8243; _module_preset=\u00bbdefault\u00bb][et_pb_text _builder_version=\u00bb4.9.4&#8243; _module_preset=\u00bbdefault\u00bb text_font=\u00bbOpen Sans||||||||\u00bb text_font_size=\u00bb12px\u00bb text_line_height=\u00bb1.5em\u00bb header_3_font=\u00bbOpen Sans||||||||\u00bb header_3_text_color=\u00bb#e64415&#8243; header_3_font_size=\u00bb20px\u00bb] FORMACI\u00d3N ACAD\u00c9MICA 1999\u00a0Ph.D. in Biology \u201ccum laude\u201d\u00a0mention, PhD Extraordinary Award. Universidad de Granada, Granada , Spain 1996 Diploma in Soil Sciences and Plant Physiology.\u00a0UNESCO\/Universidad de Granada\/CSIC, Granada, Spain 1995 European Certificate of Attainment in Modern [&hellip;]<\/p>\n","protected":false},"author":1,"featured_media":0,"parent":0,"menu_order":0,"comment_status":"closed","ping_status":"closed","template":"","meta":{"_et_pb_use_builder":"on","_et_pb_old_content":"","_et_gb_content_width":""},"_links":{"self":[{"href":"https:\/\/grupos.eez.csic.es\/mycostress\/wp-json\/wp\/v2\/pages\/491"}],"collection":[{"href":"https:\/\/grupos.eez.csic.es\/mycostress\/wp-json\/wp\/v2\/pages"}],"about":[{"href":"https:\/\/grupos.eez.csic.es\/mycostress\/wp-json\/wp\/v2\/types\/page"}],"author":[{"embeddable":true,"href":"https:\/\/grupos.eez.csic.es\/mycostress\/wp-json\/wp\/v2\/users\/1"}],"replies":[{"embeddable":true,"href":"https:\/\/grupos.eez.csic.es\/mycostress\/wp-json\/wp\/v2\/comments?post=491"}],"version-history":[{"count":8,"href":"https:\/\/grupos.eez.csic.es\/mycostress\/wp-json\/wp\/v2\/pages\/491\/revisions"}],"predecessor-version":[{"id":1889,"href":"https:\/\/grupos.eez.csic.es\/mycostress\/wp-json\/wp\/v2\/pages\/491\/revisions\/1889"}],"wp:attachment":[{"href":"https:\/\/grupos.eez.csic.es\/mycostress\/wp-json\/wp\/v2\/media?parent=491"}],"curies":[{"name":"wp","href":"https:\/\/api.w.org\/{rel}","templated":true}]}}