{"id":6631,"date":"2021-07-26T10:34:37","date_gmt":"2021-07-26T10:34:37","guid":{"rendered":"https:\/\/rhizorna.sombradoble.es\/?page_id=6631"},"modified":"2022-06-07T10:26:26","modified_gmt":"2022-06-07T10:26:26","slug":"collaborators","status":"publish","type":"page","link":"https:\/\/grupos.eez.csic.es\/rhizorna\/collaborators\/","title":{"rendered":"Collaborators"},"content":{"rendered":"[vc_row type=\u00bbin_container\u00bb full_screen_row_position=\u00bbmiddle\u00bb column_margin=\u00bbdefault\u00bb column_direction=\u00bbdefault\u00bb column_direction_tablet=\u00bbdefault\u00bb column_direction_phone=\u00bbdefault\u00bb scene_position=\u00bbcenter\u00bb text_color=\u00bbdark\u00bb text_align=\u00bbleft\u00bb row_border_radius=\u00bbnone\u00bb row_border_radius_applies=\u00bbbg\u00bb overlay_strength=\u00bb0.3&#8243; gradient_direction=\u00bbleft_to_right\u00bb shape_divider_position=\u00bbbottom\u00bb bg_image_animation=\u00bbnone\u00bb][vc_column column_padding=\u00bbno-extra-padding\u00bb column_padding_tablet=\u00bbinherit\u00bb column_padding_phone=\u00bbinherit\u00bb column_padding_position=\u00bball\u00bb column_element_spacing=\u00bbdefault\u00bb background_color_opacity=\u00bb1&#8243; background_hover_color_opacity=\u00bb1&#8243; column_shadow=\u00bbnone\u00bb column_border_radius=\u00bbnone\u00bb column_link_target=\u00bb_self\u00bb gradient_direction=\u00bbleft_to_right\u00bb overlay_strength=\u00bb0.3&#8243; width=\u00bb1\/1&#8243; tablet_width_inherit=\u00bbdefault\u00bb tablet_text_alignment=\u00bbdefault\u00bb phone_text_alignment=\u00bbdefault\u00bb bg_image_animation=\u00bbnone\u00bb border_type=\u00bbsimple\u00bb column_border_width=\u00bbnone\u00bb column_border_style=\u00bbsolid\u00bb]<style type=\"text\/css\">@media only screen and (min-width: 1300px) { #nectar-slider-instance-1, #nectar-slider-instance-1 .swiper-container { height: 280px; }  } @media only screen and (max-width: 1299px) { #nectar-slider-instance-1, #nectar-slider-instance-1 .swiper-container { height: 233.33333333333px; }  } @media only screen and (max-width: 1000px) { #nectar-slider-instance-1, #nectar-slider-instance-1 .swiper-container { height: 200px; }  } @media only screen and (max-width: 690px) { #nectar-slider-instance-1, #nectar-slider-instance-1 .swiper-container { height: 103.7037037037px; }  } <\/style><div  data-transition=\"slide\" data-overall_style=\"classic\" data-flexible-height=\"\" data-animate-in-effect=\"zoom-out\" data-fullscreen=\"false\" data-button-sizing=\"regular\" data-button-styling=\"btn_with_count\" data-autorotate=\"\" data-parallax=\"false\" data-parallax-disable-mobile=\"\" data-caption-trans=\"fade_in_from_bottom\" data-parallax-style=\"bg_only\" data-bg-animation=\"none\" data-full-width=\"true\" class=\"nectar-slider-wrap \" id=\"nectar-slider-instance-1\"><div class=\"swiper-container\"  data-tho=\"auto\" data-tco=\"auto\" data-pho=\"auto\" data-pco=\"auto\" data-loop=\"false\" data-height=\"280\" data-min-height=\"\" data-arrows=\"false\" data-bullets=\"false\" data-bullet_style=\"see_through\" data-bullet_position=\"bottom\" data-desktop-swipe=\"false\" data-settings=\"\"> <div class=\"swiper-wrapper\"><div class=\"swiper-slide\" data-desktop-content-width=\"auto\" data-tablet-content-width=\"auto\" data-bg-alignment=\"center\" data-color-scheme=\"light\" data-x-pos=\"centered\" data-y-pos=\"middle\" ><div class=\"slide-bg-wrap\"><div class=\"image-bg\" style=\"background-image: url(https:\/\/grupos.eez.csic.es\/rhizorna\/\/wp-content\/uploads\/2021\/10\/leaf-abstract-PSXECSA-scaled.jpg);\"> &nbsp; <\/div><div class=\"slide-bg-overlay\" style=\"background-color: #3e8932;\"> &nbsp; <\/div><\/div><div class=\"container\">\r\n\t\t\t\t\t\t<div class=\"content\"><h2>COLLABORATORS<\/h2><\/div>\r\n\t\t\t\t\t\t\t\t<\/div><!--\/container--><div class=\"video-texture active_texture\"> <span class=\"ie-fix\"><\/span> <\/div><\/div> <!--\/swiper-slide--><\/div><div class=\"nectar-slider-loading \"> <span class=\"loading-icon none\">   <\/span> <\/div> <\/div> \r\n\t\t\t\t\t\r\n\t\t\t\t\t<\/div>[\/vc_column][\/vc_row][vc_row type=\u00bbin_container\u00bb full_screen_row_position=\u00bbmiddle\u00bb column_margin=\u00bbdefault\u00bb column_direction=\u00bbdefault\u00bb column_direction_tablet=\u00bbdefault\u00bb column_direction_phone=\u00bbdefault\u00bb scene_position=\u00bbcenter\u00bb text_color=\u00bbdark\u00bb text_align=\u00bbleft\u00bb row_border_radius=\u00bbnone\u00bb row_border_radius_applies=\u00bbbg\u00bb overlay_strength=\u00bb0.3&#8243; gradient_direction=\u00bbleft_to_right\u00bb shape_divider_position=\u00bbbottom\u00bb bg_image_animation=\u00bbnone\u00bb][vc_column column_padding=\u00bbno-extra-padding\u00bb column_padding_tablet=\u00bbinherit\u00bb column_padding_phone=\u00bbinherit\u00bb column_padding_position=\u00bball\u00bb column_element_spacing=\u00bbdefault\u00bb background_color_opacity=\u00bb1&#8243; background_hover_color_opacity=\u00bb1&#8243; column_shadow=\u00bbnone\u00bb column_border_radius=\u00bbnone\u00bb column_link_target=\u00bb_self\u00bb gradient_direction=\u00bbleft_to_right\u00bb overlay_strength=\u00bb0.3&#8243; width=\u00bb1\/1&#8243; tablet_width_inherit=\u00bbdefault\u00bb tablet_text_alignment=\u00bbdefault\u00bb phone_text_alignment=\u00bbdefault\u00bb bg_image_animation=\u00bbnone\u00bb border_type=\u00bbsimple\u00bb column_border_width=\u00bbnone\u00bb column_border_style=\u00bbsolid\u00bb][nectar_horizontal_list_item columns=\u00bb2&#8243; column_layout_using_2_columns=\u00bbxsmall_first\u00bb col_1_text_align=\u00bbleft\u00bb col_2_text_align=\u00bbleft\u00bb col_1_text_element=\u00bbp\u00bb col_2_text_element=\u00bbp\u00bb font_family=\u00bbp\u00bb hover_effect=\u00bbfull_border\u00bb hover_color=\u00bbaccent-color\u00bb border_radius=\u00bb3px\u00bb icon_family=\u00bbfontawesome\u00bb icon_size=\u00bbregular\u00bb col_1_content=\u00bbAnke Becker\u00bb col_2_content=\u00bbSYNMIKRO Philipps Universit\u00e4t Marburg, Germany. Rhizobial genomics and regulatory networks. Research team of project PID2020-114782GB-I00&#8243; icon_fontawesome=\u00bbfa fa-user-circle-o\u00bb][nectar_horizontal_list_item columns=\u00bb2&#8243; column_layout_using_2_columns=\u00bbxsmall_first\u00bb col_1_text_align=\u00bbleft\u00bb col_2_text_align=\u00bbleft\u00bb col_1_text_element=\u00bbp\u00bb col_2_text_element=\u00bbp\u00bb font_family=\u00bbp\u00bb hover_effect=\u00bbfull_border\u00bb hover_color=\u00bbaccent-color\u00bb border_radius=\u00bb3px\u00bb icon_family=\u00bbfontawesome\u00bb icon_size=\u00bbregular\u00bb col_1_content=\u00bbCecilia Arraiano\u00bb col_2_content=\u00bbInstituto de Tecnologia Qu\u00edmica e Biol\u00f3gica Ant\u00f3nio Xavier, Universidade Nova de Lisboa, Portugal. Posttranscriptional control of gene expression in bacteria: non-coding RNAs and ribonucleases. Research team of project PID2020-114782GB-I00 \u00bb icon_fontawesome=\u00bbfa fa-user-circle-o\u00bb][nectar_horizontal_list_item columns=\u00bb2&#8243; column_layout_using_2_columns=\u00bbxsmall_first\u00bb col_1_text_align=\u00bbleft\u00bb col_2_text_align=\u00bbleft\u00bb col_1_text_element=\u00bbp\u00bb col_2_text_element=\u00bbp\u00bb font_family=\u00bbp\u00bb hover_effect=\u00bbfull_border\u00bb hover_color=\u00bbaccent-color\u00bb border_radius=\u00bb3px\u00bb icon_family=\u00bbfontawesome\u00bb icon_size=\u00bbregular\u00bb col_1_content=\u00bbClaudio Valverde\u00bb col_2_content=\u00bbUniversidad Nacional de Quilmes, Argentina. RNA regulation in rhizobia.\u00bb icon_fontawesome=\u00bbfa fa-user-circle-o\u00bb][nectar_horizontal_list_item columns=\u00bb2&#8243; column_layout_using_2_columns=\u00bbxsmall_first\u00bb col_1_text_align=\u00bbleft\u00bb col_2_text_align=\u00bbleft\u00bb col_1_text_element=\u00bbp\u00bb col_2_text_element=\u00bbp\u00bb font_family=\u00bbp\u00bb hover_effect=\u00bbfull_border\u00bb hover_color=\u00bbaccent-color\u00bb border_radius=\u00bb3px\u00bb icon_family=\u00bbfontawesome\u00bb icon_size=\u00bbregular\u00bb col_1_content=\u00bbGeorge C. diCenzo\u00bb col_2_content=\u00bbBiology Department, Queen\u2019s University, Canada. Metabolic and regulatory networks in rhizobia. Research team of project PID2020-114782GB-I00&#8243; icon_fontawesome=\u00bbfa fa-user-circle-o\u00bb][nectar_horizontal_list_item columns=\u00bb2&#8243; column_layout_using_2_columns=\u00bbxsmall_first\u00bb col_1_text_align=\u00bbleft\u00bb col_2_text_align=\u00bbleft\u00bb col_1_text_element=\u00bbp\u00bb col_2_text_element=\u00bbp\u00bb font_family=\u00bbp\u00bb hover_effect=\u00bbfull_border\u00bb hover_color=\u00bbaccent-color\u00bb border_radius=\u00bb3px\u00bb icon_family=\u00bbfontawesome\u00bb icon_size=\u00bbregular\u00bb col_1_content=\u00bbAlessio Mengoni\u00bb col_2_content=\u00bbUniversit\u00e0 degli Studi di Firenze, Italy. Molecular microbial ecology and rhizobial genomics.\u00bb icon_fontawesome=\u00bbfa fa-user-circle-o\u00bb][nectar_horizontal_list_item columns=\u00bb2&#8243; column_layout_using_2_columns=\u00bbxsmall_first\u00bb col_1_text_align=\u00bbleft\u00bb col_2_text_align=\u00bbleft\u00bb col_1_text_element=\u00bbp\u00bb col_2_text_element=\u00bbp\u00bb font_family=\u00bbp\u00bb hover_effect=\u00bbfull_border\u00bb hover_color=\u00bbaccent-color\u00bb border_radius=\u00bb3px\u00bb icon_family=\u00bbfontawesome\u00bb icon_size=\u00bbregular\u00bb col_1_content=\u00bbJos\u00e9 M\u00aa Vinardell\/Francisco J. Ollero\u00bb col_2_content=\u00bbDepartamento de Microbiolog\u00eda, Universidad de Sevilla. Rhizobial genetics. Research team of project PAIDI P20_00185&#8243; icon_fontawesome=\u00bbfa fa-user-circle-o\u00bb][nectar_horizontal_list_item columns=\u00bb2&#8243; column_layout_using_2_columns=\u00bbxsmall_first\u00bb col_1_text_align=\u00bbleft\u00bb col_2_text_align=\u00bbleft\u00bb col_1_text_element=\u00bbp\u00bb col_2_text_element=\u00bbp\u00bb font_family=\u00bbp\u00bb hover_effect=\u00bbfull_border\u00bb hover_color=\u00bbaccent-color\u00bb border_radius=\u00bb3px\u00bb icon_family=\u00bbfontawesome\u00bb icon_size=\u00bbregular\u00bb col_1_content=\u00bbAlicia M. Muro Pastor\u00bb col_2_content=\u00bbInstituto de Bioqu\u00edmica Vegetal y Fotos\u00edntesis, CSIC, Sevilla. Regulation by RNA in cyanobacteria.\u00bb icon_fontawesome=\u00bbfa fa-user-circle-o\u00bb][\/vc_column][\/vc_row]\n","protected":false},"excerpt":{"rendered":"<p>[vc_row type=\u00bbin_container\u00bb full_screen_row_position=\u00bbmiddle\u00bb column_margin=\u00bbdefault\u00bb column_direction=\u00bbdefault\u00bb column_direction_tablet=\u00bbdefault\u00bb column_direction_phone=\u00bbdefault\u00bb scene_position=\u00bbcenter\u00bb text_color=\u00bbdark\u00bb text_align=\u00bbleft\u00bb row_border_radius=\u00bbnone\u00bb row_border_radius_applies=\u00bbbg\u00bb overlay_strength=\u00bb0.3&#8243; gradient_direction=\u00bbleft_to_right\u00bb shape_divider_position=\u00bbbottom\u00bb bg_image_animation=\u00bbnone\u00bb][vc_column column_padding=\u00bbno-extra-padding\u00bb column_padding_tablet=\u00bbinherit\u00bb column_padding_phone=\u00bbinherit\u00bb column_padding_position=\u00bball\u00bb column_element_spacing=\u00bbdefault\u00bb background_color_opacity=\u00bb1&#8243; background_hover_color_opacity=\u00bb1&#8243; column_shadow=\u00bbnone\u00bb column_border_radius=\u00bbnone\u00bb column_link_target=\u00bb_self\u00bb gradient_direction=\u00bbleft_to_right\u00bb overlay_strength=\u00bb0.3&#8243; width=\u00bb1\/1&#8243; tablet_width_inherit=\u00bbdefault\u00bb&#8230;<\/p>\n","protected":false},"author":2,"featured_media":0,"parent":0,"menu_order":0,"comment_status":"closed","ping_status":"closed","template":"","meta":{"footnotes":""},"class_list":["post-6631","page","type-page","status-publish"],"_links":{"self":[{"href":"https:\/\/grupos.eez.csic.es\/rhizorna\/wp-json\/wp\/v2\/pages\/6631","targetHints":{"allow":["GET"]}}],"collection":[{"href":"https:\/\/grupos.eez.csic.es\/rhizorna\/wp-json\/wp\/v2\/pages"}],"about":[{"href":"https:\/\/grupos.eez.csic.es\/rhizorna\/wp-json\/wp\/v2\/types\/page"}],"author":[{"embeddable":true,"href":"https:\/\/grupos.eez.csic.es\/rhizorna\/wp-json\/wp\/v2\/users\/2"}],"replies":[{"embeddable":true,"href":"https:\/\/grupos.eez.csic.es\/rhizorna\/wp-json\/wp\/v2\/comments?post=6631"}],"version-history":[{"count":8,"href":"https:\/\/grupos.eez.csic.es\/rhizorna\/wp-json\/wp\/v2\/pages\/6631\/revisions"}],"predecessor-version":[{"id":6863,"href":"https:\/\/grupos.eez.csic.es\/rhizorna\/wp-json\/wp\/v2\/pages\/6631\/revisions\/6863"}],"wp:attachment":[{"href":"https:\/\/grupos.eez.csic.es\/rhizorna\/wp-json\/wp\/v2\/media?parent=6631"}],"curies":[{"name":"wp","href":"https:\/\/api.w.org\/{rel}","templated":true}]}}