{"id":6635,"date":"2021-07-26T10:43:15","date_gmt":"2021-07-26T10:43:15","guid":{"rendered":"https:\/\/rhizorna.sombradoble.es\/?page_id=6635"},"modified":"2021-11-22T11:03:43","modified_gmt":"2021-11-22T11:03:43","slug":"research-training","status":"publish","type":"page","link":"https:\/\/grupos.eez.csic.es\/rhizorna\/research-training\/","title":{"rendered":"Research Training"},"content":{"rendered":"[vc_row type=\u00bbin_container\u00bb full_screen_row_position=\u00bbmiddle\u00bb column_margin=\u00bbdefault\u00bb column_direction=\u00bbdefault\u00bb column_direction_tablet=\u00bbdefault\u00bb column_direction_phone=\u00bbdefault\u00bb scene_position=\u00bbcenter\u00bb text_color=\u00bbdark\u00bb text_align=\u00bbleft\u00bb row_border_radius=\u00bbnone\u00bb row_border_radius_applies=\u00bbbg\u00bb overlay_strength=\u00bb0.3&#8243; gradient_direction=\u00bbleft_to_right\u00bb shape_divider_position=\u00bbbottom\u00bb bg_image_animation=\u00bbnone\u00bb][vc_column column_padding=\u00bbno-extra-padding\u00bb column_padding_tablet=\u00bbinherit\u00bb column_padding_phone=\u00bbinherit\u00bb column_padding_position=\u00bball\u00bb column_element_spacing=\u00bbdefault\u00bb background_color_opacity=\u00bb1&#8243; background_hover_color_opacity=\u00bb1&#8243; column_shadow=\u00bbnone\u00bb column_border_radius=\u00bbnone\u00bb column_link_target=\u00bb_self\u00bb gradient_direction=\u00bbleft_to_right\u00bb overlay_strength=\u00bb0.3&#8243; width=\u00bb1\/1&#8243; tablet_width_inherit=\u00bbdefault\u00bb tablet_text_alignment=\u00bbdefault\u00bb phone_text_alignment=\u00bbdefault\u00bb bg_image_animation=\u00bbnone\u00bb border_type=\u00bbsimple\u00bb column_border_width=\u00bbnone\u00bb column_border_style=\u00bbsolid\u00bb]<style type=\"text\/css\">@media only screen and (min-width: 1300px) { #nectar-slider-instance-1, #nectar-slider-instance-1 .swiper-container { height: 280px; }  } @media only screen and (max-width: 1299px) { #nectar-slider-instance-1, #nectar-slider-instance-1 .swiper-container { height: 233.33333333333px; }  } @media only screen and (max-width: 1000px) { #nectar-slider-instance-1, #nectar-slider-instance-1 .swiper-container { height: 200px; }  } @media only screen and (max-width: 690px) { #nectar-slider-instance-1, #nectar-slider-instance-1 .swiper-container { height: 103.7037037037px; }  } <\/style><div  data-transition=\"slide\" data-overall_style=\"classic\" data-flexible-height=\"\" data-animate-in-effect=\"zoom-out\" data-fullscreen=\"false\" data-button-sizing=\"regular\" data-button-styling=\"btn_with_count\" data-autorotate=\"\" data-parallax=\"false\" data-parallax-disable-mobile=\"\" data-caption-trans=\"fade_in_from_bottom\" data-parallax-style=\"bg_only\" data-bg-animation=\"none\" data-full-width=\"true\" class=\"nectar-slider-wrap \" id=\"nectar-slider-instance-1\"><div class=\"swiper-container\"  data-tho=\"auto\" data-tco=\"auto\" data-pho=\"auto\" data-pco=\"auto\" data-loop=\"false\" data-height=\"280\" data-min-height=\"\" data-arrows=\"false\" data-bullets=\"false\" data-bullet_style=\"see_through\" data-bullet_position=\"bottom\" data-desktop-swipe=\"false\" data-settings=\"\"> <div class=\"swiper-wrapper\"><div class=\"swiper-slide\" data-desktop-content-width=\"auto\" data-tablet-content-width=\"auto\" data-bg-alignment=\"center\" data-color-scheme=\"light\" data-x-pos=\"centered\" data-y-pos=\"middle\" ><div class=\"slide-bg-wrap\"><div class=\"image-bg\" style=\"background-image: url(https:\/\/grupos.eez.csic.es\/rhizorna\/\/wp-content\/uploads\/2021\/10\/leaf-abstract-PSXECSA-scaled.jpg);\"> &nbsp; <\/div><div class=\"slide-bg-overlay\" style=\"background-color: #3e8932;\"> &nbsp; <\/div><\/div><div class=\"container\">\r\n\t\t\t\t\t\t<div class=\"content\"><h2>RESEARCH TRAINING<\/h2><\/div>\r\n\t\t\t\t\t\t\t\t<\/div><!--\/container--><div class=\"video-texture active_texture\"> <span class=\"ie-fix\"><\/span> <\/div><\/div> <!--\/swiper-slide--><\/div><div class=\"nectar-slider-loading \"> <span class=\"loading-icon none\">   <\/span> <\/div> <\/div> \r\n\t\t\t\t\t\r\n\t\t\t\t\t<\/div>[\/vc_column][\/vc_row][vc_row type=\u00bbfull_width_background\u00bb full_screen_row_position=\u00bbmiddle\u00bb column_margin=\u00bb90px\u00bb equal_height=\u00bbyes\u00bb content_placement=\u00bbmiddle\u00bb column_direction=\u00bbdefault\u00bb column_direction_tablet=\u00bbcolumn_reverse\u00bb column_direction_phone=\u00bbcolumn_reverse\u00bb bg_color=\u00bb#ffffff\u00bb scene_position=\u00bbcenter\u00bb top_padding=\u00bb6%\u00bb bottom_padding=\u00bb2%\u00bb top_padding_tablet=\u00bb8%\u00bb bottom_padding_tablet=\u00bb8%\u00bb text_color=\u00bbdark\u00bb text_align=\u00bbleft\u00bb row_border_radius=\u00bbnone\u00bb row_border_radius_applies=\u00bbbg\u00bb id=\u00bbhome\u00bb overlay_strength=\u00bb0.5&#8243; gradient_direction=\u00bbtop_to_bottom\u00bb shape_divider_position=\u00bbbottom\u00bb bg_image_animation=\u00bbnone\u00bb shape_type=\u00bbstraight_section\u00bb][vc_column column_padding=\u00bbno-extra-padding\u00bb column_padding_tablet=\u00bbinherit\u00bb column_padding_phone=\u00bbinherit\u00bb column_padding_position=\u00bball\u00bb column_element_spacing=\u00bbdefault\u00bb background_color_opacity=\u00bb1&#8243; background_hover_color_opacity=\u00bb1&#8243; column_shadow=\u00bbnone\u00bb column_border_radius=\u00bbnone\u00bb column_link_target=\u00bb_self\u00bb gradient_direction=\u00bbleft_to_right\u00bb overlay_strength=\u00bb0.5&#8243; width=\u00bb1\/1&#8243; tablet_width_inherit=\u00bbdefault\u00bb tablet_text_alignment=\u00bbdefault\u00bb phone_text_alignment=\u00bbdefault\u00bb bg_image_animation=\u00bbnone\u00bb border_type=\u00bbsimple\u00bb column_border_width=\u00bbnone\u00bb column_border_style=\u00bbsolid\u00bb offset=\u00bbvc_col-xs-12&#8243;][vc_column_text]\n<h2 style=\"text-align: center;\"><span style=\"color: #3e8932;\"><strong>Research training at the RhizoRNA Lab<\/strong><\/span><\/h2>\n[\/vc_column_text][vc_row_inner column_margin=\u00bbdefault\u00bb column_direction=\u00bbdefault\u00bb column_direction_tablet=\u00bbdefault\u00bb column_direction_phone=\u00bbdefault\u00bb text_align=\u00bbleft\u00bb min_width=\u00bb47vh\u00bb][vc_column_inner column_padding=\u00bbno-extra-padding\u00bb column_padding_tablet=\u00bbinherit\u00bb column_padding_phone=\u00bbinherit\u00bb column_padding_position=\u00bball\u00bb column_element_spacing=\u00bb5px\u00bb background_color_opacity=\u00bb1&#8243; background_hover_color_opacity=\u00bb1&#8243; column_shadow=\u00bbnone\u00bb column_border_radius=\u00bbnone\u00bb column_link_target=\u00bb_self\u00bb gradient_direction=\u00bbleft_to_right\u00bb overlay_strength=\u00bb0.3&#8243; width=\u00bb1\/1&#8243; tablet_width_inherit=\u00bbdefault\u00bb bg_image_animation=\u00bbnone\u00bb enable_animation=\u00bbtrue\u00bb animation=\u00bbfade-in-from-bottom\u00bb border_type=\u00bbsimple\u00bb column_border_width=\u00bbnone\u00bb column_border_style=\u00bbsolid\u00bb enable_border_animation=\u00bbtrue\u00bb][vc_column_text css=\u00bb.vc_custom_1633441043767{padding-top: 3% !important;padding-bottom: 3% !important;}\u00bb]\n<p style=\"text-align: center;\">Jos\u00e9 I. Jim\u00e9nez Zurdo is teacher of the Masters \u201cBiotecnolog\u00eda\u201d, and \u201cGen\u00e9tica y Evoluci\u00f3n\u201d in the frame of the Ph.D. program \u201cBiolog\u00eda Fundamental y de Sistemas\u201d at Universidad de Granada.<\/p>\n[\/vc_column_text][nectar_highlighted_text color_type=\u00bbregular\u00bb highlight_color=\u00bb#3e8932&#8243; text_color=\u00bb#3e8932&#8243; style=\u00bbregular_underline\u00bb highlight_expansion=\u00bbdefault\u00bb underline_thickness=\u00bb1px\u00bb delay=\u00bb400&#8243;]\n<h5><em>Ph.D. Thesis<\/em><\/h5>\n[\/nectar_highlighted_text][vc_column_text]\n<ul>\n<li>Omar Torres Quesada (16.02.2012; Universidad de Granada). <em>Caracterizaci\u00f3n del RNoma del endosimbionte diazotr\u00f3fico Sinorhizobium meliloti: aproximaci\u00f3n a la funci\u00f3n de la chaperona de RNA Hfq y de los ribo-reguladores Smr7C y Smr15C1\/C2<\/em> (Characterization of the RNome of the endosymbiotic diazotroph <em>Sinorhizobium meliloti<\/em>: appoaches to the function of the RNA chaperone Hfq and of riboregulators SmrC7 and Smr15C1\/C2).<\/li>\n<li>Alexandra Peregrina Lav\u00edn (19.09.2017; Universidad de Granada). <em>Insights into the function and activity mechanism of stress-induced non-coding RNAs and the ribonuclease YbeY in Sinorhizobium meliloti.<\/em><\/li>\n<li>Natalia Isabel Garc\u00eda-Tomsig (expected defense date, January 2022). Tentative title<em>: functional genomics of non-coding RNAs and proteins involved in riboregulation of symbiotic nitrogen fixation<\/em><\/li>\n<\/ul>\n[\/vc_column_text][\/vc_column_inner][\/vc_row_inner][vc_row_inner column_margin=\u00bbdefault\u00bb column_direction=\u00bbdefault\u00bb column_direction_tablet=\u00bbdefault\u00bb column_direction_phone=\u00bbdefault\u00bb text_align=\u00bbleft\u00bb min_width=\u00bb47vh\u00bb][vc_column_inner column_padding=\u00bbno-extra-padding\u00bb column_padding_tablet=\u00bbinherit\u00bb column_padding_phone=\u00bbinherit\u00bb column_padding_position=\u00bball\u00bb column_element_spacing=\u00bb5px\u00bb background_color_opacity=\u00bb1&#8243; background_hover_color_opacity=\u00bb1&#8243; column_shadow=\u00bbnone\u00bb column_border_radius=\u00bbnone\u00bb column_link_target=\u00bb_self\u00bb gradient_direction=\u00bbleft_to_right\u00bb overlay_strength=\u00bb0.3&#8243; width=\u00bb1\/1&#8243; tablet_width_inherit=\u00bbdefault\u00bb bg_image_animation=\u00bbnone\u00bb enable_animation=\u00bbtrue\u00bb animation=\u00bbfade-in-from-bottom\u00bb border_type=\u00bbsimple\u00bb column_border_width=\u00bbnone\u00bb column_border_style=\u00bbsolid\u00bb enable_border_animation=\u00bbtrue\u00bb][nectar_highlighted_text color_type=\u00bbregular\u00bb highlight_color=\u00bb#3e8932&#8243; text_color=\u00bb#3e8932&#8243; style=\u00bbregular_underline\u00bb highlight_expansion=\u00bbdefault\u00bb underline_thickness=\u00bb1px\u00bb delay=\u00bb400&#8243;]\n<h5><em>Master Thesis<\/em><\/h5>\n[\/nectar_highlighted_text][vc_column_text]\n<ul>\n<li>Identificaci\u00f3n y caracterizaci\u00f3n de RNAs no codificantes en el endosimbionte diazotr\u00f3fico <em>Sinorhizobium meliloti<\/em> (Identification and characterization of non-coding RNAs in the endosymbiotic diazotroph <em>Sinorhizobium meliloti<\/em>). Omar Torres Quesada. Universidad de Granada, 2008.<\/li>\n<li>Aproximaci\u00f3n a la caracterizaci\u00f3n funcional de la chaperona de RNA Hfq y de sRNAs no codificantes en <em>Sinorhizobium meliloti<\/em> (Approach to the functional characterization of the RNA chaperone Hfq and non-coding RNAs in <em>Sinorhizobium meliloti<\/em>). Alexandra Peregrina Lav\u00edn. Universidad de Granada, 2011.<\/li>\n<li>Caracterizaci\u00f3n funcional de riboreguladores en el endosimbionte diazotr\u00f3fico Sinorhizobium meliloti (Functional characterization of riboregulators in the endosymbiotic diazotroph <em>Sinorhizobium meliloti<\/em>). Natalia I. Garc\u00eda Tomsig. Universidad de Granada, 2016.<\/li>\n<li>Mecanismo de actividad del riboregulador AbcR2 en el endosimbionte diazotr\u00f3fico <em>Sinorhizobium meliloti<\/em> (Activity mechanism of the AbcR2 riboregulator in <em>Sinorhizobium meliloti<\/em>). Alejandro Uceta Gamaza. Universidad de Granada, 2017.<\/li>\n<li>Mecanismos que operan en la ribo-regulaci\u00f3n del metabolismo y fijaci\u00f3n de nitr\u00f3geno en <em>Sinorhizobium meliloti<\/em> (Mechanisms undelying riboregulation of metabolism and nitrogen-fixation in <em>Sinorhizobium meliloti<\/em>). Manuel Pi\u00f1ero Hern\u00e1ndez. Universidad de Granada, 2018.<\/li>\n<li>Transcripci\u00f3n antisentido de los genes de nodulaci\u00f3n y fijaci\u00f3n de nitr\u00f3geno en el simbionte de leguminosas <em>Sinorhizobium meliloti<\/em> (Antisense transcription of nodulation and nitrogen-fixation genes in the legume symbiont <em>Sinorhizobium meliloti<\/em>). Mar\u00eda Marug\u00e1n Cardiel. Universidad de Granada, 2020.<\/li>\n<\/ul>\n[\/vc_column_text][\/vc_column_inner][\/vc_row_inner][vc_row_inner column_margin=\u00bbdefault\u00bb column_direction=\u00bbdefault\u00bb column_direction_tablet=\u00bbdefault\u00bb column_direction_phone=\u00bbdefault\u00bb text_align=\u00bbleft\u00bb min_width=\u00bb47vh\u00bb][vc_column_inner column_padding=\u00bbno-extra-padding\u00bb column_padding_tablet=\u00bbinherit\u00bb column_padding_phone=\u00bbinherit\u00bb column_padding_position=\u00bball\u00bb column_element_spacing=\u00bb5px\u00bb background_color_opacity=\u00bb1&#8243; background_hover_color_opacity=\u00bb1&#8243; column_shadow=\u00bbnone\u00bb column_border_radius=\u00bbnone\u00bb column_link_target=\u00bb_self\u00bb gradient_direction=\u00bbleft_to_right\u00bb overlay_strength=\u00bb0.3&#8243; width=\u00bb1\/1&#8243; tablet_width_inherit=\u00bbdefault\u00bb bg_image_animation=\u00bbnone\u00bb enable_animation=\u00bbtrue\u00bb animation=\u00bbfade-in-from-bottom\u00bb border_type=\u00bbsimple\u00bb column_border_width=\u00bbnone\u00bb column_border_style=\u00bbsolid\u00bb enable_border_animation=\u00bbtrue\u00bb][nectar_highlighted_text color_type=\u00bbregular\u00bb highlight_color=\u00bb#3e8932&#8243; text_color=\u00bb#3e8932&#8243; style=\u00bbregular_underline\u00bb highlight_expansion=\u00bbdefault\u00bb underline_thickness=\u00bb1px\u00bb delay=\u00bb400&#8243;]\n<h5><em>Training stays funded by competitive grant programs<\/em><\/h5>\n[\/nectar_highlighted_text][vc_column_text]\n<ul>\n<li>Anton Kermanov (Eranet-Plus Erasmus Program; 01.11.2014-31.08.2015)<\/li>\n<li>Sebasti\u00e1n Acosta Jurado (Universidad de Sevilla postgraduate program; 15.09.2015-14.12.2015)<\/li>\n<li>Ana Laura Armend\u00e1riz (Bec.AR Program, CONICET Argentina; 01.3.2016-30.06.2016).<\/li>\n<li>Marta Robledo (Juan de la Cierva Program postdoc Program; 15.04.15-14.04.17).<\/li>\n<\/ul>\n[\/vc_column_text][\/vc_column_inner][\/vc_row_inner][\/vc_column][\/vc_row][vc_row type=\u00bbin_container\u00bb full_screen_row_position=\u00bbmiddle\u00bb column_margin=\u00bbdefault\u00bb column_direction=\u00bbdefault\u00bb column_direction_tablet=\u00bbdefault\u00bb column_direction_phone=\u00bbdefault\u00bb scene_position=\u00bbcenter\u00bb top_padding=\u00bb3%\u00bb text_color=\u00bbdark\u00bb text_align=\u00bbleft\u00bb row_border_radius=\u00bbnone\u00bb row_border_radius_applies=\u00bbbg\u00bb disable_element=\u00bbyes\u00bb overlay_strength=\u00bb0.3&#8243; gradient_direction=\u00bbleft_to_right\u00bb shape_divider_position=\u00bbbottom\u00bb bg_image_animation=\u00bbnone\u00bb shape_type=\u00bb\u00bb][vc_column column_padding=\u00bbno-extra-padding\u00bb column_padding_tablet=\u00bbinherit\u00bb column_padding_phone=\u00bbinherit\u00bb column_padding_position=\u00bball\u00bb column_element_spacing=\u00bbdefault\u00bb background_color_opacity=\u00bb1&#8243; background_hover_color_opacity=\u00bb1&#8243; column_shadow=\u00bbnone\u00bb column_border_radius=\u00bbnone\u00bb column_link_target=\u00bb_self\u00bb gradient_direction=\u00bbleft_to_right\u00bb overlay_strength=\u00bb0.3&#8243; width=\u00bb1\/1&#8243; tablet_width_inherit=\u00bbdefault\u00bb tablet_text_alignment=\u00bbdefault\u00bb phone_text_alignment=\u00bbdefault\u00bb bg_image_animation=\u00bbnone\u00bb border_type=\u00bbsimple\u00bb column_border_width=\u00bbnone\u00bb column_border_style=\u00bbsolid\u00bb][vc_column_text]\n<h2 style=\"text-align: center;\"><span style=\"color: #3e8932;\"><strong>Job Offers<\/strong><\/span><\/h2>\n[\/vc_column_text][vc_column_text]<a href=\"https:\/\/grupos.eez.csic.es\/rhizorna\/\/wp-content\/uploads\/2021\/11\/Oferta-de-incorporacio\u0301n-al-grupo-RhizoRNA.pdf\"><strong>Programas FPU y Juan de la Cierva formaci\u00f3n\/incorporaci\u00f3n<\/strong><\/a>[\/vc_column_text][\/vc_column][\/vc_row]\n","protected":false},"excerpt":{"rendered":"<p>[vc_row type=\u00bbin_container\u00bb full_screen_row_position=\u00bbmiddle\u00bb column_margin=\u00bbdefault\u00bb column_direction=\u00bbdefault\u00bb column_direction_tablet=\u00bbdefault\u00bb column_direction_phone=\u00bbdefault\u00bb scene_position=\u00bbcenter\u00bb text_color=\u00bbdark\u00bb text_align=\u00bbleft\u00bb row_border_radius=\u00bbnone\u00bb row_border_radius_applies=\u00bbbg\u00bb overlay_strength=\u00bb0.3&#8243; gradient_direction=\u00bbleft_to_right\u00bb shape_divider_position=\u00bbbottom\u00bb bg_image_animation=\u00bbnone\u00bb][vc_column column_padding=\u00bbno-extra-padding\u00bb column_padding_tablet=\u00bbinherit\u00bb column_padding_phone=\u00bbinherit\u00bb column_padding_position=\u00bball\u00bb column_element_spacing=\u00bbdefault\u00bb background_color_opacity=\u00bb1&#8243; background_hover_color_opacity=\u00bb1&#8243; column_shadow=\u00bbnone\u00bb column_border_radius=\u00bbnone\u00bb column_link_target=\u00bb_self\u00bb gradient_direction=\u00bbleft_to_right\u00bb overlay_strength=\u00bb0.3&#8243; width=\u00bb1\/1&#8243; tablet_width_inherit=\u00bbdefault\u00bb&#8230;<\/p>\n","protected":false},"author":2,"featured_media":0,"parent":0,"menu_order":0,"comment_status":"closed","ping_status":"closed","template":"","meta":{"footnotes":""},"class_list":["post-6635","page","type-page","status-publish"],"_links":{"self":[{"href":"https:\/\/grupos.eez.csic.es\/rhizorna\/wp-json\/wp\/v2\/pages\/6635","targetHints":{"allow":["GET"]}}],"collection":[{"href":"https:\/\/grupos.eez.csic.es\/rhizorna\/wp-json\/wp\/v2\/pages"}],"about":[{"href":"https:\/\/grupos.eez.csic.es\/rhizorna\/wp-json\/wp\/v2\/types\/page"}],"author":[{"embeddable":true,"href":"https:\/\/grupos.eez.csic.es\/rhizorna\/wp-json\/wp\/v2\/users\/2"}],"replies":[{"embeddable":true,"href":"https:\/\/grupos.eez.csic.es\/rhizorna\/wp-json\/wp\/v2\/comments?post=6635"}],"version-history":[{"count":8,"href":"https:\/\/grupos.eez.csic.es\/rhizorna\/wp-json\/wp\/v2\/pages\/6635\/revisions"}],"predecessor-version":[{"id":6801,"href":"https:\/\/grupos.eez.csic.es\/rhizorna\/wp-json\/wp\/v2\/pages\/6635\/revisions\/6801"}],"wp:attachment":[{"href":"https:\/\/grupos.eez.csic.es\/rhizorna\/wp-json\/wp\/v2\/media?parent=6635"}],"curies":[{"name":"wp","href":"https:\/\/api.w.org\/{rel}","templated":true}]}}